{"id":721,"date":"2024-06-17T13:37:17","date_gmt":"2024-06-17T13:37:17","guid":{"rendered":"https:\/\/ylasavonmobilistit.fi\/?page_id=721"},"modified":"2025-01-02T13:15:00","modified_gmt":"2025-01-02T13:15:00","slug":"yla-savo-ajo-iisalmessa-15-6-2024","status":"publish","type":"page","link":"https:\/\/ylasavonmobilistit.fi\/index.php\/yla-savo-ajo-iisalmessa-15-6-2024\/","title":{"rendered":"Yl\u00e4-Savo -ajo Iisalmessa 15.6.2024"},"content":{"rendered":"\t\t<div data-elementor-type=\"wp-page\" data-elementor-id=\"721\" class=\"elementor elementor-721\">\n\t\t\t\t\t\t\t\t\t<section class=\"elementor-section elementor-top-section elementor-element elementor-element-3345c8f elementor-section-boxed elementor-section-height-default elementor-section-height-default\" data-id=\"3345c8f\" data-element_type=\"section\">\n\t\t\t\t\t\t<div class=\"elementor-container elementor-column-gap-default\">\n\t\t\t\t\t<div class=\"elementor-column elementor-col-100 elementor-top-column elementor-element elementor-element-c11e466\" data-id=\"c11e466\" data-element_type=\"column\">\n\t\t\t<div class=\"elementor-widget-wrap elementor-element-populated\">\n\t\t\t\t\t\t\t\t<div class=\"elementor-element elementor-element-3f9ee0e elementor-widget elementor-widget-image-gallery\" data-id=\"3f9ee0e\" data-element_type=\"widget\" data-widget_type=\"image-gallery.default\">\n\t\t\t\t<div class=\"elementor-widget-container\">\n\t\t\t<style>\/*! elementor - v3.15.0 - 20-08-2023 *\/\n.elementor-image-gallery .gallery-item{display:inline-block;text-align:center;vertical-align:top;width:100%;max-width:100%;margin:0 auto}.elementor-image-gallery .gallery-item img{margin:0 auto}.elementor-image-gallery .gallery-item .gallery-caption{margin:0}.elementor-image-gallery figure img{display:block}.elementor-image-gallery figure figcaption{width:100%}.gallery-spacing-custom .elementor-image-gallery .gallery-icon{padding:0}@media (min-width:768px){.elementor-image-gallery .gallery-columns-2 .gallery-item{max-width:50%}.elementor-image-gallery .gallery-columns-3 .gallery-item{max-width:33.33%}.elementor-image-gallery .gallery-columns-4 .gallery-item{max-width:25%}.elementor-image-gallery .gallery-columns-5 .gallery-item{max-width:20%}.elementor-image-gallery .gallery-columns-6 .gallery-item{max-width:16.666%}.elementor-image-gallery .gallery-columns-7 .gallery-item{max-width:14.28%}.elementor-image-gallery .gallery-columns-8 .gallery-item{max-width:12.5%}.elementor-image-gallery .gallery-columns-9 .gallery-item{max-width:11.11%}.elementor-image-gallery .gallery-columns-10 .gallery-item{max-width:10%}}@media (min-width:480px) and (max-width:767px){.elementor-image-gallery .gallery.gallery-columns-2 .gallery-item,.elementor-image-gallery .gallery.gallery-columns-3 .gallery-item,.elementor-image-gallery .gallery.gallery-columns-4 .gallery-item,.elementor-image-gallery .gallery.gallery-columns-5 .gallery-item,.elementor-image-gallery .gallery.gallery-columns-6 .gallery-item,.elementor-image-gallery .gallery.gallery-columns-7 .gallery-item,.elementor-image-gallery .gallery.gallery-columns-8 .gallery-item,.elementor-image-gallery .gallery.gallery-columns-9 .gallery-item,.elementor-image-gallery .gallery.gallery-columns-10 .gallery-item{max-width:50%}}@media (max-width:479px){.elementor-image-gallery .gallery.gallery-columns-2 .gallery-item,.elementor-image-gallery .gallery.gallery-columns-3 .gallery-item,.elementor-image-gallery .gallery.gallery-columns-4 .gallery-item,.elementor-image-gallery .gallery.gallery-columns-5 .gallery-item,.elementor-image-gallery .gallery.gallery-columns-6 .gallery-item,.elementor-image-gallery .gallery.gallery-columns-7 .gallery-item,.elementor-image-gallery .gallery.gallery-columns-8 .gallery-item,.elementor-image-gallery .gallery.gallery-columns-9 .gallery-item,.elementor-image-gallery .gallery.gallery-columns-10 .gallery-item{max-width:100%}}<\/style>\t\t<div class=\"elementor-image-gallery\">\n\t\t\t\n\t\t<style type=\"text\/css\">\n\t\t\t#gallery-1 {\n\t\t\t\tmargin: auto;\n\t\t\t}\n\t\t\t#gallery-1 .gallery-item {\n\t\t\t\tfloat: left;\n\t\t\t\tmargin-top: 10px;\n\t\t\t\ttext-align: center;\n\t\t\t\twidth: 25%;\n\t\t\t}\n\t\t\t#gallery-1 img {\n\t\t\t\tborder: 2px solid #cfcfcf;\n\t\t\t}\n\t\t\t#gallery-1 .gallery-caption {\n\t\t\t\tmargin-left: 0;\n\t\t\t}\n\t\t\t\/* see gallery_shortcode() in wp-includes\/media.php *\/\n\t\t<\/style>\n\t\t<div id='gallery-1' class='gallery galleryid-721 gallery-columns-4 gallery-size-thumbnail'><dl class='gallery-item'>\n\t\t\t<dt class='gallery-icon landscape'>\n\t\t\t\t<a data-elementor-open-lightbox=\"yes\" data-elementor-lightbox-slideshow=\"3f9ee0e\" data-e-action-hash=\"#elementor-action%3Aaction%3Dlightbox%26settings%3DeyJpZCI6NzIzLCJ1cmwiOiJodHRwczpcL1wveWxhc2F2b25tb2JpbGlzdGl0LmZpXC93cC1jb250ZW50XC91cGxvYWRzXC8yMDI0XC8wNlwvWWxhc2F2b2Fqby0yMDI0LTEuanBnIiwic2xpZGVzaG93IjoiM2Y5ZWUwZSJ9\" href='https:\/\/ylasavonmobilistit.fi\/wp-content\/uploads\/2024\/06\/Ylasavoajo-2024-1.jpg'><img loading=\"lazy\" decoding=\"async\" width=\"150\" height=\"150\" src=\"https:\/\/ylasavonmobilistit.fi\/wp-content\/uploads\/2024\/06\/Ylasavoajo-2024-1-150x150.jpg\" class=\"attachment-thumbnail size-thumbnail\" alt=\"\" \/><\/a>\n\t\t\t<\/dt><\/dl><dl class='gallery-item'>\n\t\t\t<dt class='gallery-icon landscape'>\n\t\t\t\t<a data-elementor-open-lightbox=\"yes\" data-elementor-lightbox-slideshow=\"3f9ee0e\" data-e-action-hash=\"#elementor-action%3Aaction%3Dlightbox%26settings%3DeyJpZCI6NzI0LCJ1cmwiOiJodHRwczpcL1wveWxhc2F2b25tb2JpbGlzdGl0LmZpXC93cC1jb250ZW50XC91cGxvYWRzXC8yMDI0XC8wNlwvWWxhc2F2b2Fqby0yMDI0LTIuanBnIiwic2xpZGVzaG93IjoiM2Y5ZWUwZSJ9\" href='https:\/\/ylasavonmobilistit.fi\/wp-content\/uploads\/2024\/06\/Ylasavoajo-2024-2.jpg'><img loading=\"lazy\" decoding=\"async\" width=\"150\" height=\"150\" src=\"https:\/\/ylasavonmobilistit.fi\/wp-content\/uploads\/2024\/06\/Ylasavoajo-2024-2-150x150.jpg\" class=\"attachment-thumbnail size-thumbnail\" alt=\"\" \/><\/a>\n\t\t\t<\/dt><\/dl><dl class='gallery-item'>\n\t\t\t<dt class='gallery-icon landscape'>\n\t\t\t\t<a data-elementor-open-lightbox=\"yes\" data-elementor-lightbox-slideshow=\"3f9ee0e\" data-e-action-hash=\"#elementor-action%3Aaction%3Dlightbox%26settings%3DeyJpZCI6NzI1LCJ1cmwiOiJodHRwczpcL1wveWxhc2F2b25tb2JpbGlzdGl0LmZpXC93cC1jb250ZW50XC91cGxvYWRzXC8yMDI0XC8wNlwvWWxhc2F2b2Fqby0yMDI0LTMuanBnIiwic2xpZGVzaG93IjoiM2Y5ZWUwZSJ9\" href='https:\/\/ylasavonmobilistit.fi\/wp-content\/uploads\/2024\/06\/Ylasavoajo-2024-3.jpg'><img loading=\"lazy\" decoding=\"async\" width=\"150\" height=\"150\" src=\"https:\/\/ylasavonmobilistit.fi\/wp-content\/uploads\/2024\/06\/Ylasavoajo-2024-3-150x150.jpg\" class=\"attachment-thumbnail size-thumbnail\" alt=\"\" \/><\/a>\n\t\t\t<\/dt><\/dl><dl class='gallery-item'>\n\t\t\t<dt class='gallery-icon landscape'>\n\t\t\t\t<a data-elementor-open-lightbox=\"yes\" data-elementor-lightbox-slideshow=\"3f9ee0e\" data-e-action-hash=\"#elementor-action%3Aaction%3Dlightbox%26settings%3DeyJpZCI6NzI2LCJ1cmwiOiJodHRwczpcL1wveWxhc2F2b25tb2JpbGlzdGl0LmZpXC93cC1jb250ZW50XC91cGxvYWRzXC8yMDI0XC8wNlwvWWxhc2F2b2Fqby0yMDI0LTQuanBnIiwic2xpZGVzaG93IjoiM2Y5ZWUwZSJ9\" href='https:\/\/ylasavonmobilistit.fi\/wp-content\/uploads\/2024\/06\/Ylasavoajo-2024-4.jpg'><img loading=\"lazy\" decoding=\"async\" width=\"150\" height=\"150\" src=\"https:\/\/ylasavonmobilistit.fi\/wp-content\/uploads\/2024\/06\/Ylasavoajo-2024-4-150x150.jpg\" class=\"attachment-thumbnail size-thumbnail\" alt=\"\" \/><\/a>\n\t\t\t<\/dt><\/dl><br style=\"clear: both\" \/><dl class='gallery-item'>\n\t\t\t<dt class='gallery-icon landscape'>\n\t\t\t\t<a data-elementor-open-lightbox=\"yes\" data-elementor-lightbox-slideshow=\"3f9ee0e\" data-e-action-hash=\"#elementor-action%3Aaction%3Dlightbox%26settings%3DeyJpZCI6NzI3LCJ1cmwiOiJodHRwczpcL1wveWxhc2F2b25tb2JpbGlzdGl0LmZpXC93cC1jb250ZW50XC91cGxvYWRzXC8yMDI0XC8wNlwvWWxhc2F2b2Fqby0yMDI0LTUuanBnIiwic2xpZGVzaG93IjoiM2Y5ZWUwZSJ9\" href='https:\/\/ylasavonmobilistit.fi\/wp-content\/uploads\/2024\/06\/Ylasavoajo-2024-5.jpg'><img loading=\"lazy\" decoding=\"async\" width=\"150\" height=\"150\" src=\"https:\/\/ylasavonmobilistit.fi\/wp-content\/uploads\/2024\/06\/Ylasavoajo-2024-5-150x150.jpg\" class=\"attachment-thumbnail size-thumbnail\" alt=\"\" \/><\/a>\n\t\t\t<\/dt><\/dl><dl class='gallery-item'>\n\t\t\t<dt class='gallery-icon landscape'>\n\t\t\t\t<a data-elementor-open-lightbox=\"yes\" data-elementor-lightbox-slideshow=\"3f9ee0e\" data-e-action-hash=\"#elementor-action%3Aaction%3Dlightbox%26settings%3DeyJpZCI6NzI4LCJ1cmwiOiJodHRwczpcL1wveWxhc2F2b25tb2JpbGlzdGl0LmZpXC93cC1jb250ZW50XC91cGxvYWRzXC8yMDI0XC8wNlwvWWxhc2F2b2Fqby0yMDI0LTYuanBnIiwic2xpZGVzaG93IjoiM2Y5ZWUwZSJ9\" href='https:\/\/ylasavonmobilistit.fi\/wp-content\/uploads\/2024\/06\/Ylasavoajo-2024-6.jpg'><img loading=\"lazy\" decoding=\"async\" width=\"150\" height=\"150\" src=\"https:\/\/ylasavonmobilistit.fi\/wp-content\/uploads\/2024\/06\/Ylasavoajo-2024-6-150x150.jpg\" class=\"attachment-thumbnail size-thumbnail\" alt=\"\" \/><\/a>\n\t\t\t<\/dt><\/dl><dl class='gallery-item'>\n\t\t\t<dt class='gallery-icon landscape'>\n\t\t\t\t<a data-elementor-open-lightbox=\"yes\" data-elementor-lightbox-slideshow=\"3f9ee0e\" data-e-action-hash=\"#elementor-action%3Aaction%3Dlightbox%26settings%3DeyJpZCI6NzI5LCJ1cmwiOiJodHRwczpcL1wveWxhc2F2b25tb2JpbGlzdGl0LmZpXC93cC1jb250ZW50XC91cGxvYWRzXC8yMDI0XC8wNlwvWWxhc2F2b2Fqby0yMDI0LTcuanBnIiwic2xpZGVzaG93IjoiM2Y5ZWUwZSJ9\" href='https:\/\/ylasavonmobilistit.fi\/wp-content\/uploads\/2024\/06\/Ylasavoajo-2024-7.jpg'><img loading=\"lazy\" decoding=\"async\" width=\"150\" height=\"150\" src=\"https:\/\/ylasavonmobilistit.fi\/wp-content\/uploads\/2024\/06\/Ylasavoajo-2024-7-150x150.jpg\" class=\"attachment-thumbnail size-thumbnail\" alt=\"\" \/><\/a>\n\t\t\t<\/dt><\/dl><dl class='gallery-item'>\n\t\t\t<dt class='gallery-icon landscape'>\n\t\t\t\t<a data-elementor-open-lightbox=\"yes\" data-elementor-lightbox-slideshow=\"3f9ee0e\" data-e-action-hash=\"#elementor-action%3Aaction%3Dlightbox%26settings%3DeyJpZCI6NzMwLCJ1cmwiOiJodHRwczpcL1wveWxhc2F2b25tb2JpbGlzdGl0LmZpXC93cC1jb250ZW50XC91cGxvYWRzXC8yMDI0XC8wNlwvWWxhc2F2b2Fqby0yMDI0LTguanBnIiwic2xpZGVzaG93IjoiM2Y5ZWUwZSJ9\" href='https:\/\/ylasavonmobilistit.fi\/wp-content\/uploads\/2024\/06\/Ylasavoajo-2024-8.jpg'><img loading=\"lazy\" decoding=\"async\" width=\"150\" height=\"150\" src=\"https:\/\/ylasavonmobilistit.fi\/wp-content\/uploads\/2024\/06\/Ylasavoajo-2024-8-150x150.jpg\" class=\"attachment-thumbnail size-thumbnail\" alt=\"\" \/><\/a>\n\t\t\t<\/dt><\/dl><br style=\"clear: both\" \/><dl class='gallery-item'>\n\t\t\t<dt class='gallery-icon landscape'>\n\t\t\t\t<a data-elementor-open-lightbox=\"yes\" data-elementor-lightbox-slideshow=\"3f9ee0e\" data-e-action-hash=\"#elementor-action%3Aaction%3Dlightbox%26settings%3DeyJpZCI6NzMxLCJ1cmwiOiJodHRwczpcL1wveWxhc2F2b25tb2JpbGlzdGl0LmZpXC93cC1jb250ZW50XC91cGxvYWRzXC8yMDI0XC8wNlwvWWxhc2F2b2Fqby0yMDI0LTkuanBnIiwic2xpZGVzaG93IjoiM2Y5ZWUwZSJ9\" href='https:\/\/ylasavonmobilistit.fi\/wp-content\/uploads\/2024\/06\/Ylasavoajo-2024-9.jpg'><img loading=\"lazy\" decoding=\"async\" width=\"150\" height=\"150\" src=\"https:\/\/ylasavonmobilistit.fi\/wp-content\/uploads\/2024\/06\/Ylasavoajo-2024-9-150x150.jpg\" class=\"attachment-thumbnail size-thumbnail\" alt=\"\" \/><\/a>\n\t\t\t<\/dt><\/dl><dl class='gallery-item'>\n\t\t\t<dt class='gallery-icon landscape'>\n\t\t\t\t<a data-elementor-open-lightbox=\"yes\" data-elementor-lightbox-slideshow=\"3f9ee0e\" data-e-action-hash=\"#elementor-action%3Aaction%3Dlightbox%26settings%3DeyJpZCI6NzMyLCJ1cmwiOiJodHRwczpcL1wveWxhc2F2b25tb2JpbGlzdGl0LmZpXC93cC1jb250ZW50XC91cGxvYWRzXC8yMDI0XC8wNlwvWWxhc2F2b2Fqby0yMDI0LTEwLmpwZyIsInNsaWRlc2hvdyI6IjNmOWVlMGUifQ%3D%3D\" href='https:\/\/ylasavonmobilistit.fi\/wp-content\/uploads\/2024\/06\/Ylasavoajo-2024-10.jpg'><img loading=\"lazy\" decoding=\"async\" width=\"150\" height=\"150\" src=\"https:\/\/ylasavonmobilistit.fi\/wp-content\/uploads\/2024\/06\/Ylasavoajo-2024-10-150x150.jpg\" class=\"attachment-thumbnail size-thumbnail\" alt=\"\" \/><\/a>\n\t\t\t<\/dt><\/dl><dl class='gallery-item'>\n\t\t\t<dt class='gallery-icon landscape'>\n\t\t\t\t<a data-elementor-open-lightbox=\"yes\" data-elementor-lightbox-slideshow=\"3f9ee0e\" data-e-action-hash=\"#elementor-action%3Aaction%3Dlightbox%26settings%3DeyJpZCI6NzMzLCJ1cmwiOiJodHRwczpcL1wveWxhc2F2b25tb2JpbGlzdGl0LmZpXC93cC1jb250ZW50XC91cGxvYWRzXC8yMDI0XC8wNlwvWWxhc2F2b2Fqby0yMDI0LTExLmpwZyIsInNsaWRlc2hvdyI6IjNmOWVlMGUifQ%3D%3D\" href='https:\/\/ylasavonmobilistit.fi\/wp-content\/uploads\/2024\/06\/Ylasavoajo-2024-11.jpg'><img loading=\"lazy\" decoding=\"async\" width=\"150\" height=\"150\" src=\"https:\/\/ylasavonmobilistit.fi\/wp-content\/uploads\/2024\/06\/Ylasavoajo-2024-11-150x150.jpg\" class=\"attachment-thumbnail size-thumbnail\" alt=\"\" \/><\/a>\n\t\t\t<\/dt><\/dl><dl class='gallery-item'>\n\t\t\t<dt class='gallery-icon landscape'>\n\t\t\t\t<a data-elementor-open-lightbox=\"yes\" data-elementor-lightbox-slideshow=\"3f9ee0e\" data-e-action-hash=\"#elementor-action%3Aaction%3Dlightbox%26settings%3DeyJpZCI6NzA0LCJ1cmwiOiJodHRwczpcL1wveWxhc2F2b25tb2JpbGlzdGl0LmZpXC93cC1jb250ZW50XC91cGxvYWRzXC8yMDI0XC8wNlwvWWxhLVNhdm8tYWpvLTIwMjQtMTA4MC14LTEwODAucG5nIiwic2xpZGVzaG93IjoiM2Y5ZWUwZSJ9\" href='https:\/\/ylasavonmobilistit.fi\/wp-content\/uploads\/2024\/06\/Yla-Savo-ajo-2024-1080-x-1080.png'><img loading=\"lazy\" decoding=\"async\" width=\"150\" height=\"150\" src=\"https:\/\/ylasavonmobilistit.fi\/wp-content\/uploads\/2024\/06\/Yla-Savo-ajo-2024-1080-x-1080-150x150.png\" class=\"attachment-thumbnail size-thumbnail\" alt=\"\" srcset=\"https:\/\/ylasavonmobilistit.fi\/wp-content\/uploads\/2024\/06\/Yla-Savo-ajo-2024-1080-x-1080-150x150.png 150w, https:\/\/ylasavonmobilistit.fi\/wp-content\/uploads\/2024\/06\/Yla-Savo-ajo-2024-1080-x-1080-300x300.png 300w, https:\/\/ylasavonmobilistit.fi\/wp-content\/uploads\/2024\/06\/Yla-Savo-ajo-2024-1080-x-1080-1024x1024.png 1024w, https:\/\/ylasavonmobilistit.fi\/wp-content\/uploads\/2024\/06\/Yla-Savo-ajo-2024-1080-x-1080-768x768.png 768w, https:\/\/ylasavonmobilistit.fi\/wp-content\/uploads\/2024\/06\/Yla-Savo-ajo-2024-1080-x-1080.png 1080w\" sizes=\"auto, (max-width: 150px) 100vw, 150px\" \/><\/a>\n\t\t\t<\/dt><\/dl><br style=\"clear: both\" \/>\n\t\t<\/div>\n\t\t<\/div>\n\t\t\t\t<\/div>\n\t\t\t\t<\/div>\n\t\t\t\t\t<\/div>\n\t\t<\/div>\n\t\t\t\t\t\t\t<\/div>\n\t\t<\/section>\n\t\t\t\t<section class=\"elementor-section elementor-top-section elementor-element elementor-element-65f2ac1 elementor-section-boxed elementor-section-height-default elementor-section-height-default\" data-id=\"65f2ac1\" data-element_type=\"section\">\n\t\t\t\t\t\t<div class=\"elementor-container elementor-column-gap-default\">\n\t\t\t\t\t<div class=\"elementor-column elementor-col-100 elementor-top-column elementor-element elementor-element-d4474dd\" data-id=\"d4474dd\" data-element_type=\"column\">\n\t\t\t<div class=\"elementor-widget-wrap elementor-element-populated\">\n\t\t\t\t\t\t\t\t<div class=\"elementor-element elementor-element-c078d93 elementor-widget elementor-widget-heading\" data-id=\"c078d93\" data-element_type=\"widget\" data-widget_type=\"heading.default\">\n\t\t\t\t<div class=\"elementor-widget-container\">\n\t\t\t<style>\/*! elementor - v3.15.0 - 20-08-2023 *\/\n.elementor-heading-title{padding:0;margin:0;line-height:1}.elementor-widget-heading .elementor-heading-title[class*=elementor-size-]>a{color:inherit;font-size:inherit;line-height:inherit}.elementor-widget-heading .elementor-heading-title.elementor-size-small{font-size:15px}.elementor-widget-heading .elementor-heading-title.elementor-size-medium{font-size:19px}.elementor-widget-heading .elementor-heading-title.elementor-size-large{font-size:29px}.elementor-widget-heading .elementor-heading-title.elementor-size-xl{font-size:39px}.elementor-widget-heading .elementor-heading-title.elementor-size-xxl{font-size:59px}<\/style><h2 class=\"elementor-heading-title elementor-size-default\"><a href=\"https:\/\/ylasavonmobilistit.fi\/index.php\/yla-savo-ajo-15-6-2024\/\">Yl\u00e4-Savo -ajo 15.6.2024, reitti ja tulokset<\/a><\/h2>\t\t<\/div>\n\t\t\t\t<\/div>\n\t\t\t\t\t<\/div>\n\t\t<\/div>\n\t\t\t\t\t\t\t<\/div>\n\t\t<\/section>\n\t\t\t\t\t\t\t<\/div>\n\t\t","protected":false},"excerpt":{"rendered":"<p>Yl\u00e4-Savo -ajo 15.6.2024, reitti ja tulokset<\/p>\n","protected":false},"author":1,"featured_media":0,"parent":0,"menu_order":0,"comment_status":"closed","ping_status":"closed","template":"","meta":{"footnotes":""},"class_list":["post-721","page","type-page","status-publish","hentry"],"yoast_head":"<!-- This site is optimized with the Yoast SEO plugin v20.13 - https:\/\/yoast.com\/wordpress\/plugins\/seo\/ -->\n<title>Yl\u00e4-Savo -ajo Iisalmessa 15.6.2024 - Yl\u00e4-Savon Mobilistit ja Konepy\u00f6r\u00e4ilij\u00e4t ry<\/title>\n<meta name=\"robots\" content=\"index, follow, max-snippet:-1, max-image-preview:large, max-video-preview:-1\" \/>\n<link rel=\"canonical\" href=\"https:\/\/ylasavonmobilistit.fi\/index.php\/yla-savo-ajo-iisalmessa-15-6-2024\/\" \/>\n<meta property=\"og:locale\" content=\"fi_FI\" \/>\n<meta property=\"og:type\" content=\"article\" \/>\n<meta property=\"og:title\" content=\"Yl\u00e4-Savo -ajo Iisalmessa 15.6.2024 - Yl\u00e4-Savon Mobilistit ja Konepy\u00f6r\u00e4ilij\u00e4t ry\" \/>\n<meta property=\"og:description\" content=\"Yl\u00e4-Savo -ajo 15.6.2024, reitti ja tulokset\" \/>\n<meta property=\"og:url\" content=\"https:\/\/ylasavonmobilistit.fi\/index.php\/yla-savo-ajo-iisalmessa-15-6-2024\/\" \/>\n<meta property=\"og:site_name\" content=\"Yl\u00e4-Savon Mobilistit ja Konepy\u00f6r\u00e4ilij\u00e4t ry\" \/>\n<meta property=\"article:modified_time\" content=\"2025-01-02T13:15:00+00:00\" \/>\n<meta property=\"og:image\" content=\"https:\/\/ylasavonmobilistit.fi\/wp-content\/uploads\/2024\/06\/Ylasavoajo-2024-1-150x150.jpg\" \/>\n<meta name=\"twitter:card\" content=\"summary_large_image\" \/>\n<meta name=\"twitter:label1\" content=\"Arvioitu lukuaika\" \/>\n\t<meta name=\"twitter:data1\" content=\"3 minuuttia\" \/>\n<script type=\"application\/ld+json\" class=\"yoast-schema-graph\">{\"@context\":\"https:\/\/schema.org\",\"@graph\":[{\"@type\":\"WebPage\",\"@id\":\"https:\/\/ylasavonmobilistit.fi\/index.php\/yla-savo-ajo-iisalmessa-15-6-2024\/\",\"url\":\"https:\/\/ylasavonmobilistit.fi\/index.php\/yla-savo-ajo-iisalmessa-15-6-2024\/\",\"name\":\"Yl\u00e4-Savo -ajo Iisalmessa 15.6.2024 - Yl\u00e4-Savon Mobilistit ja Konepy\u00f6r\u00e4ilij\u00e4t ry\",\"isPartOf\":{\"@id\":\"https:\/\/ylasavonmobilistit.fi\/#website\"},\"datePublished\":\"2024-06-17T13:37:17+00:00\",\"dateModified\":\"2025-01-02T13:15:00+00:00\",\"breadcrumb\":{\"@id\":\"https:\/\/ylasavonmobilistit.fi\/index.php\/yla-savo-ajo-iisalmessa-15-6-2024\/#breadcrumb\"},\"inLanguage\":\"fi\",\"potentialAction\":[{\"@type\":\"ReadAction\",\"target\":[\"https:\/\/ylasavonmobilistit.fi\/index.php\/yla-savo-ajo-iisalmessa-15-6-2024\/\"]}]},{\"@type\":\"BreadcrumbList\",\"@id\":\"https:\/\/ylasavonmobilistit.fi\/index.php\/yla-savo-ajo-iisalmessa-15-6-2024\/#breadcrumb\",\"itemListElement\":[{\"@type\":\"ListItem\",\"position\":1,\"name\":\"Etusivu\",\"item\":\"https:\/\/ylasavonmobilistit.fi\/\"},{\"@type\":\"ListItem\",\"position\":2,\"name\":\"Yl\u00e4-Savo -ajo Iisalmessa 15.6.2024\"}]},{\"@type\":\"WebSite\",\"@id\":\"https:\/\/ylasavonmobilistit.fi\/#website\",\"url\":\"https:\/\/ylasavonmobilistit.fi\/\",\"name\":\"Yl\u00e4-Savon Mobilistit ja Konepy\u00f6r\u00e4ilij\u00e4t ry\",\"description\":\"\",\"potentialAction\":[{\"@type\":\"SearchAction\",\"target\":{\"@type\":\"EntryPoint\",\"urlTemplate\":\"https:\/\/ylasavonmobilistit.fi\/?s={search_term_string}\"},\"query-input\":\"required name=search_term_string\"}],\"inLanguage\":\"fi\"}]}<\/script>\n<!-- \/ Yoast SEO plugin. -->","yoast_head_json":{"title":"Yl\u00e4-Savo -ajo Iisalmessa 15.6.2024 - Yl\u00e4-Savon Mobilistit ja Konepy\u00f6r\u00e4ilij\u00e4t ry","robots":{"index":"index","follow":"follow","max-snippet":"max-snippet:-1","max-image-preview":"max-image-preview:large","max-video-preview":"max-video-preview:-1"},"canonical":"https:\/\/ylasavonmobilistit.fi\/index.php\/yla-savo-ajo-iisalmessa-15-6-2024\/","og_locale":"fi_FI","og_type":"article","og_title":"Yl\u00e4-Savo -ajo Iisalmessa 15.6.2024 - Yl\u00e4-Savon Mobilistit ja Konepy\u00f6r\u00e4ilij\u00e4t ry","og_description":"Yl\u00e4-Savo -ajo 15.6.2024, reitti ja tulokset","og_url":"https:\/\/ylasavonmobilistit.fi\/index.php\/yla-savo-ajo-iisalmessa-15-6-2024\/","og_site_name":"Yl\u00e4-Savon Mobilistit ja Konepy\u00f6r\u00e4ilij\u00e4t ry","article_modified_time":"2025-01-02T13:15:00+00:00","og_image":[{"url":"https:\/\/ylasavonmobilistit.fi\/wp-content\/uploads\/2024\/06\/Ylasavoajo-2024-1-150x150.jpg"}],"twitter_card":"summary_large_image","twitter_misc":{"Arvioitu lukuaika":"3 minuuttia"},"schema":{"@context":"https:\/\/schema.org","@graph":[{"@type":"WebPage","@id":"https:\/\/ylasavonmobilistit.fi\/index.php\/yla-savo-ajo-iisalmessa-15-6-2024\/","url":"https:\/\/ylasavonmobilistit.fi\/index.php\/yla-savo-ajo-iisalmessa-15-6-2024\/","name":"Yl\u00e4-Savo -ajo Iisalmessa 15.6.2024 - Yl\u00e4-Savon Mobilistit ja Konepy\u00f6r\u00e4ilij\u00e4t ry","isPartOf":{"@id":"https:\/\/ylasavonmobilistit.fi\/#website"},"datePublished":"2024-06-17T13:37:17+00:00","dateModified":"2025-01-02T13:15:00+00:00","breadcrumb":{"@id":"https:\/\/ylasavonmobilistit.fi\/index.php\/yla-savo-ajo-iisalmessa-15-6-2024\/#breadcrumb"},"inLanguage":"fi","potentialAction":[{"@type":"ReadAction","target":["https:\/\/ylasavonmobilistit.fi\/index.php\/yla-savo-ajo-iisalmessa-15-6-2024\/"]}]},{"@type":"BreadcrumbList","@id":"https:\/\/ylasavonmobilistit.fi\/index.php\/yla-savo-ajo-iisalmessa-15-6-2024\/#breadcrumb","itemListElement":[{"@type":"ListItem","position":1,"name":"Etusivu","item":"https:\/\/ylasavonmobilistit.fi\/"},{"@type":"ListItem","position":2,"name":"Yl\u00e4-Savo -ajo Iisalmessa 15.6.2024"}]},{"@type":"WebSite","@id":"https:\/\/ylasavonmobilistit.fi\/#website","url":"https:\/\/ylasavonmobilistit.fi\/","name":"Yl\u00e4-Savon Mobilistit ja Konepy\u00f6r\u00e4ilij\u00e4t ry","description":"","potentialAction":[{"@type":"SearchAction","target":{"@type":"EntryPoint","urlTemplate":"https:\/\/ylasavonmobilistit.fi\/?s={search_term_string}"},"query-input":"required name=search_term_string"}],"inLanguage":"fi"}]}},"_links":{"self":[{"href":"https:\/\/ylasavonmobilistit.fi\/index.php\/wp-json\/wp\/v2\/pages\/721","targetHints":{"allow":["GET"]}}],"collection":[{"href":"https:\/\/ylasavonmobilistit.fi\/index.php\/wp-json\/wp\/v2\/pages"}],"about":[{"href":"https:\/\/ylasavonmobilistit.fi\/index.php\/wp-json\/wp\/v2\/types\/page"}],"author":[{"embeddable":true,"href":"https:\/\/ylasavonmobilistit.fi\/index.php\/wp-json\/wp\/v2\/users\/1"}],"replies":[{"embeddable":true,"href":"https:\/\/ylasavonmobilistit.fi\/index.php\/wp-json\/wp\/v2\/comments?post=721"}],"version-history":[{"count":7,"href":"https:\/\/ylasavonmobilistit.fi\/index.php\/wp-json\/wp\/v2\/pages\/721\/revisions"}],"predecessor-version":[{"id":855,"href":"https:\/\/ylasavonmobilistit.fi\/index.php\/wp-json\/wp\/v2\/pages\/721\/revisions\/855"}],"wp:attachment":[{"href":"https:\/\/ylasavonmobilistit.fi\/index.php\/wp-json\/wp\/v2\/media?parent=721"}],"curies":[{"name":"wp","href":"https:\/\/api.w.org\/{rel}","templated":true}]}}