{"id":636,"date":"2024-05-27T17:43:46","date_gmt":"2024-05-27T17:43:46","guid":{"rendered":"https:\/\/ylasavonmobilistit.fi\/?page_id=636"},"modified":"2024-05-31T10:24:50","modified_gmt":"2024-05-31T10:24:50","slug":"teuvo-lansivuori-uranayttely","status":"publish","type":"page","link":"https:\/\/ylasavonmobilistit.fi\/index.php\/teuvo-lansivuori-uranayttely\/","title":{"rendered":"Teuvo L\u00e4nsivuori uran\u00e4yttely"},"content":{"rendered":"\t\t<div data-elementor-type=\"wp-page\" data-elementor-id=\"636\" class=\"elementor elementor-636\">\n\t\t\t\t\t\t\t\t\t<section class=\"elementor-section elementor-top-section elementor-element elementor-element-a11d55f elementor-section-boxed elementor-section-height-default elementor-section-height-default\" data-id=\"a11d55f\" data-element_type=\"section\">\n\t\t\t\t\t\t<div class=\"elementor-container elementor-column-gap-default\">\n\t\t\t\t\t<div class=\"elementor-column elementor-col-100 elementor-top-column elementor-element elementor-element-7c06612\" data-id=\"7c06612\" data-element_type=\"column\">\n\t\t\t<div class=\"elementor-widget-wrap elementor-element-populated\">\n\t\t\t\t\t\t\t\t<div class=\"elementor-element elementor-element-92779f7 elementor-widget elementor-widget-image-gallery\" data-id=\"92779f7\" data-element_type=\"widget\" data-widget_type=\"image-gallery.default\">\n\t\t\t\t<div class=\"elementor-widget-container\">\n\t\t\t<style>\/*! elementor - v3.15.0 - 20-08-2023 *\/\n.elementor-image-gallery .gallery-item{display:inline-block;text-align:center;vertical-align:top;width:100%;max-width:100%;margin:0 auto}.elementor-image-gallery .gallery-item img{margin:0 auto}.elementor-image-gallery .gallery-item .gallery-caption{margin:0}.elementor-image-gallery figure img{display:block}.elementor-image-gallery figure figcaption{width:100%}.gallery-spacing-custom .elementor-image-gallery .gallery-icon{padding:0}@media (min-width:768px){.elementor-image-gallery .gallery-columns-2 .gallery-item{max-width:50%}.elementor-image-gallery .gallery-columns-3 .gallery-item{max-width:33.33%}.elementor-image-gallery .gallery-columns-4 .gallery-item{max-width:25%}.elementor-image-gallery .gallery-columns-5 .gallery-item{max-width:20%}.elementor-image-gallery .gallery-columns-6 .gallery-item{max-width:16.666%}.elementor-image-gallery .gallery-columns-7 .gallery-item{max-width:14.28%}.elementor-image-gallery .gallery-columns-8 .gallery-item{max-width:12.5%}.elementor-image-gallery .gallery-columns-9 .gallery-item{max-width:11.11%}.elementor-image-gallery .gallery-columns-10 .gallery-item{max-width:10%}}@media (min-width:480px) and (max-width:767px){.elementor-image-gallery .gallery.gallery-columns-2 .gallery-item,.elementor-image-gallery .gallery.gallery-columns-3 .gallery-item,.elementor-image-gallery .gallery.gallery-columns-4 .gallery-item,.elementor-image-gallery .gallery.gallery-columns-5 .gallery-item,.elementor-image-gallery .gallery.gallery-columns-6 .gallery-item,.elementor-image-gallery .gallery.gallery-columns-7 .gallery-item,.elementor-image-gallery .gallery.gallery-columns-8 .gallery-item,.elementor-image-gallery .gallery.gallery-columns-9 .gallery-item,.elementor-image-gallery .gallery.gallery-columns-10 .gallery-item{max-width:50%}}@media (max-width:479px){.elementor-image-gallery .gallery.gallery-columns-2 .gallery-item,.elementor-image-gallery .gallery.gallery-columns-3 .gallery-item,.elementor-image-gallery .gallery.gallery-columns-4 .gallery-item,.elementor-image-gallery .gallery.gallery-columns-5 .gallery-item,.elementor-image-gallery .gallery.gallery-columns-6 .gallery-item,.elementor-image-gallery .gallery.gallery-columns-7 .gallery-item,.elementor-image-gallery .gallery.gallery-columns-8 .gallery-item,.elementor-image-gallery .gallery.gallery-columns-9 .gallery-item,.elementor-image-gallery .gallery.gallery-columns-10 .gallery-item{max-width:100%}}<\/style>\t\t<div class=\"elementor-image-gallery\">\n\t\t\t\n\t\t<style type=\"text\/css\">\n\t\t\t#gallery-1 {\n\t\t\t\tmargin: auto;\n\t\t\t}\n\t\t\t#gallery-1 .gallery-item {\n\t\t\t\tfloat: left;\n\t\t\t\tmargin-top: 10px;\n\t\t\t\ttext-align: center;\n\t\t\t\twidth: 25%;\n\t\t\t}\n\t\t\t#gallery-1 img {\n\t\t\t\tborder: 2px solid #cfcfcf;\n\t\t\t}\n\t\t\t#gallery-1 .gallery-caption {\n\t\t\t\tmargin-left: 0;\n\t\t\t}\n\t\t\t\/* see gallery_shortcode() in wp-includes\/media.php *\/\n\t\t<\/style>\n\t\t<div id='gallery-1' class='gallery galleryid-636 gallery-columns-4 gallery-size-thumbnail'><dl class='gallery-item'>\n\t\t\t<dt class='gallery-icon landscape'>\n\t\t\t\t<a data-elementor-open-lightbox=\"yes\" data-elementor-lightbox-slideshow=\"92779f7\" data-e-action-hash=\"#elementor-action%3Aaction%3Dlightbox%26settings%3DeyJpZCI6NjA4LCJ1cmwiOiJodHRwczpcL1wveWxhc2F2b25tb2JpbGlzdGl0LmZpXC93cC1jb250ZW50XC91cGxvYWRzXC8yMDI0XC8wNVwvTW9iaWxpc3RpdGktbmV0dGktMi1lMTcxNTYyMjAzNTQzNi5wbmciLCJzbGlkZXNob3ciOiI5Mjc3OWY3In0%3D\" href='https:\/\/ylasavonmobilistit.fi\/wp-content\/uploads\/2024\/05\/Mobilistiti-netti-2-e1715622035436.png'><img loading=\"lazy\" decoding=\"async\" width=\"150\" height=\"150\" src=\"https:\/\/ylasavonmobilistit.fi\/wp-content\/uploads\/2024\/05\/Mobilistiti-netti-2-150x150.png\" class=\"attachment-thumbnail size-thumbnail\" alt=\"\" \/><\/a>\n\t\t\t<\/dt><\/dl><dl class='gallery-item'>\n\t\t\t<dt class='gallery-icon landscape'>\n\t\t\t\t<a data-elementor-open-lightbox=\"yes\" data-elementor-lightbox-slideshow=\"92779f7\" data-e-action-hash=\"#elementor-action%3Aaction%3Dlightbox%26settings%3DeyJpZCI6NjQ0LCJ1cmwiOiJodHRwczpcL1wveWxhc2F2b25tb2JpbGlzdGl0LmZpXC93cC1jb250ZW50XC91cGxvYWRzXC8yMDI0XC8wNVwvVGVwaS1TaWx2ZXJzdG9uZS0xMC44LjE5NzUtc2NhbGVkLmpwZWciLCJzbGlkZXNob3ciOiI5Mjc3OWY3In0%3D\" href='https:\/\/ylasavonmobilistit.fi\/wp-content\/uploads\/2024\/05\/Tepi-Silverstone-10.8.1975-scaled.jpeg'><img loading=\"lazy\" decoding=\"async\" width=\"150\" height=\"150\" src=\"https:\/\/ylasavonmobilistit.fi\/wp-content\/uploads\/2024\/05\/Tepi-Silverstone-10.8.1975-150x150.jpeg\" class=\"attachment-thumbnail size-thumbnail\" alt=\"\" aria-describedby=\"gallery-1-644\" \/><\/a>\n\t\t\t<\/dt>\n\t\t\t\t<dd class='wp-caption-text gallery-caption' id='gallery-1-644'>\n\t\t\t\tTeuvo L\u00e4nsivuori Silverstone Englanti 10.8.1975\n\t\t\t\t<\/dd><\/dl><dl class='gallery-item'>\n\t\t\t<dt class='gallery-icon landscape'>\n\t\t\t\t<a data-elementor-open-lightbox=\"yes\" data-elementor-lightbox-slideshow=\"92779f7\" data-e-action-hash=\"#elementor-action%3Aaction%3Dlightbox%26settings%3DeyJpZCI6NjQwLCJ1cmwiOiJodHRwczpcL1wveWxhc2F2b25tb2JpbGlzdGl0LmZpXC93cC1jb250ZW50XC91cGxvYWRzXC8yMDI0XC8wNVwvaW1hZ2UyLTItMS5qcGVnIiwic2xpZGVzaG93IjoiOTI3NzlmNyJ9\" href='https:\/\/ylasavonmobilistit.fi\/wp-content\/uploads\/2024\/05\/image2-2-1.jpeg'><img loading=\"lazy\" decoding=\"async\" width=\"150\" height=\"150\" src=\"https:\/\/ylasavonmobilistit.fi\/wp-content\/uploads\/2024\/05\/image2-2-1-150x150.jpeg\" class=\"attachment-thumbnail size-thumbnail\" alt=\"\" aria-describedby=\"gallery-1-640\" \/><\/a>\n\t\t\t<\/dt>\n\t\t\t\t<dd class='wp-caption-text gallery-caption' id='gallery-1-640'>\n\t\t\t\tN\u00e4yttelykuva 1\n\t\t\t\t<\/dd><\/dl><dl class='gallery-item'>\n\t\t\t<dt class='gallery-icon landscape'>\n\t\t\t\t<a data-elementor-open-lightbox=\"yes\" data-elementor-lightbox-slideshow=\"92779f7\" data-e-action-hash=\"#elementor-action%3Aaction%3Dlightbox%26settings%3DeyJpZCI6NjM4LCJ1cmwiOiJodHRwczpcL1wveWxhc2F2b25tb2JpbGlzdGl0LmZpXC93cC1jb250ZW50XC91cGxvYWRzXC8yMDI0XC8wNVwvaW1hZ2UwLTMuanBlZyIsInNsaWRlc2hvdyI6IjkyNzc5ZjcifQ%3D%3D\" href='https:\/\/ylasavonmobilistit.fi\/wp-content\/uploads\/2024\/05\/image0-3.jpeg'><img loading=\"lazy\" decoding=\"async\" width=\"150\" height=\"150\" src=\"https:\/\/ylasavonmobilistit.fi\/wp-content\/uploads\/2024\/05\/image0-3-150x150.jpeg\" class=\"attachment-thumbnail size-thumbnail\" alt=\"\" aria-describedby=\"gallery-1-638\" \/><\/a>\n\t\t\t<\/dt>\n\t\t\t\t<dd class='wp-caption-text gallery-caption' id='gallery-1-638'>\n\t\t\t\tN\u00e4yttelykuva 2\n\t\t\t\t<\/dd><\/dl><br style=\"clear: both\" \/><dl class='gallery-item'>\n\t\t\t<dt class='gallery-icon landscape'>\n\t\t\t\t<a data-elementor-open-lightbox=\"yes\" data-elementor-lightbox-slideshow=\"92779f7\" data-e-action-hash=\"#elementor-action%3Aaction%3Dlightbox%26settings%3DeyJpZCI6NjYzLCJ1cmwiOiJodHRwczpcL1wveWxhc2F2b25tb2JpbGlzdGl0LmZpXC93cC1jb250ZW50XC91cGxvYWRzXC8yMDI0XC8wNVwvVGVwaS1MYW5zaXZ1b3Jlbi11cmFuYXl0dGVseS1hdmFqYWlzZXQtMjcwNTIwMjQtMi5qcGciLCJzbGlkZXNob3ciOiI5Mjc3OWY3In0%3D\" href='https:\/\/ylasavonmobilistit.fi\/wp-content\/uploads\/2024\/05\/Tepi-Lansivuoren-uranayttely-avajaiset-27052024-2.jpg'><img loading=\"lazy\" decoding=\"async\" width=\"150\" height=\"150\" src=\"https:\/\/ylasavonmobilistit.fi\/wp-content\/uploads\/2024\/05\/Tepi-Lansivuoren-uranayttely-avajaiset-27052024-2-150x150.jpg\" class=\"attachment-thumbnail size-thumbnail\" alt=\"\" aria-describedby=\"gallery-1-663\" \/><\/a>\n\t\t\t<\/dt>\n\t\t\t\t<dd class='wp-caption-text gallery-caption' id='gallery-1-663'>\n\t\t\t\tN\u00e4yttelykuva 3\n\t\t\t\t<\/dd><\/dl><dl class='gallery-item'>\n\t\t\t<dt class='gallery-icon landscape'>\n\t\t\t\t<a data-elementor-open-lightbox=\"yes\" data-elementor-lightbox-slideshow=\"92779f7\" data-e-action-hash=\"#elementor-action%3Aaction%3Dlightbox%26settings%3DeyJpZCI6NjY0LCJ1cmwiOiJodHRwczpcL1wveWxhc2F2b25tb2JpbGlzdGl0LmZpXC93cC1jb250ZW50XC91cGxvYWRzXC8yMDI0XC8wNVwvVGVwaS1MYW5zaXZ1b3Jlbi11cmFuYXl0dGVseS1hdmFqYWlzZXQtMjcwNTIwMjQtNS5qcGciLCJzbGlkZXNob3ciOiI5Mjc3OWY3In0%3D\" href='https:\/\/ylasavonmobilistit.fi\/wp-content\/uploads\/2024\/05\/Tepi-Lansivuoren-uranayttely-avajaiset-27052024-5.jpg'><img loading=\"lazy\" decoding=\"async\" width=\"150\" height=\"150\" src=\"https:\/\/ylasavonmobilistit.fi\/wp-content\/uploads\/2024\/05\/Tepi-Lansivuoren-uranayttely-avajaiset-27052024-5-150x150.jpg\" class=\"attachment-thumbnail size-thumbnail\" alt=\"\" aria-describedby=\"gallery-1-664\" \/><\/a>\n\t\t\t<\/dt>\n\t\t\t\t<dd class='wp-caption-text gallery-caption' id='gallery-1-664'>\n\t\t\t\tN\u00e4yttelykuva 4\n\t\t\t\t<\/dd><\/dl><dl class='gallery-item'>\n\t\t\t<dt class='gallery-icon landscape'>\n\t\t\t\t<a data-elementor-open-lightbox=\"yes\" data-elementor-lightbox-slideshow=\"92779f7\" data-e-action-hash=\"#elementor-action%3Aaction%3Dlightbox%26settings%3DeyJpZCI6NjY1LCJ1cmwiOiJodHRwczpcL1wveWxhc2F2b25tb2JpbGlzdGl0LmZpXC93cC1jb250ZW50XC91cGxvYWRzXC8yMDI0XC8wNVwvVGVwaS1MYW5zaXZ1b3Jlbi11cmFuYXl0dGVseS1hdmFqYWlzZXQtMjcwNTIwMjQtMTAuanBnIiwic2xpZGVzaG93IjoiOTI3NzlmNyJ9\" href='https:\/\/ylasavonmobilistit.fi\/wp-content\/uploads\/2024\/05\/Tepi-Lansivuoren-uranayttely-avajaiset-27052024-10.jpg'><img loading=\"lazy\" decoding=\"async\" width=\"150\" height=\"150\" src=\"https:\/\/ylasavonmobilistit.fi\/wp-content\/uploads\/2024\/05\/Tepi-Lansivuoren-uranayttely-avajaiset-27052024-10-150x150.jpg\" class=\"attachment-thumbnail size-thumbnail\" alt=\"\" aria-describedby=\"gallery-1-665\" \/><\/a>\n\t\t\t<\/dt>\n\t\t\t\t<dd class='wp-caption-text gallery-caption' id='gallery-1-665'>\n\t\t\t\tN\u00e4yttelykuva 5\n\t\t\t\t<\/dd><\/dl><dl class='gallery-item'>\n\t\t\t<dt class='gallery-icon landscape'>\n\t\t\t\t<a data-elementor-open-lightbox=\"yes\" data-elementor-lightbox-slideshow=\"92779f7\" data-e-action-hash=\"#elementor-action%3Aaction%3Dlightbox%26settings%3DeyJpZCI6NjY2LCJ1cmwiOiJodHRwczpcL1wveWxhc2F2b25tb2JpbGlzdGl0LmZpXC93cC1jb250ZW50XC91cGxvYWRzXC8yMDI0XC8wNVwvVGVwaS1MYW5zaXZ1b3Jlbi11cmFuYXl0dGVseS1hdmFqYWlzZXQtMjcwNTIwMjQtMTEuanBnIiwic2xpZGVzaG93IjoiOTI3NzlmNyJ9\" href='https:\/\/ylasavonmobilistit.fi\/wp-content\/uploads\/2024\/05\/Tepi-Lansivuoren-uranayttely-avajaiset-27052024-11.jpg'><img loading=\"lazy\" decoding=\"async\" width=\"150\" height=\"150\" src=\"https:\/\/ylasavonmobilistit.fi\/wp-content\/uploads\/2024\/05\/Tepi-Lansivuoren-uranayttely-avajaiset-27052024-11-150x150.jpg\" class=\"attachment-thumbnail size-thumbnail\" alt=\"\" aria-describedby=\"gallery-1-666\" \/><\/a>\n\t\t\t<\/dt>\n\t\t\t\t<dd class='wp-caption-text gallery-caption' id='gallery-1-666'>\n\t\t\t\tN\u00e4yttelykuva 5\n\t\t\t\t<\/dd><\/dl><br style=\"clear: both\" \/>\n\t\t<\/div>\n\t\t<\/div>\n\t\t\t\t<\/div>\n\t\t\t\t<\/div>\n\t\t\t\t\t<\/div>\n\t\t<\/div>\n\t\t\t\t\t\t\t<\/div>\n\t\t<\/section>\n\t\t\t\t\t\t\t<\/div>\n\t\t","protected":false},"excerpt":{"rendered":"<p>Teuvo L\u00e4nsivuori Silverstone Englanti 10.8.1975 N\u00e4yttelykuva 1 N\u00e4yttelykuva 2 N\u00e4yttelykuva 3 N\u00e4yttelykuva 4 N\u00e4yttelykuva 5 N\u00e4yttelykuva 5<\/p>\n","protected":false},"author":1,"featured_media":0,"parent":0,"menu_order":0,"comment_status":"closed","ping_status":"closed","template":"","meta":{"footnotes":""},"class_list":["post-636","page","type-page","status-publish","hentry"],"yoast_head":"<!-- This site is optimized with the Yoast SEO plugin v20.13 - https:\/\/yoast.com\/wordpress\/plugins\/seo\/ -->\n<title>Teuvo L\u00e4nsivuori uran\u00e4yttely - Yl\u00e4-Savon Mobilistit ja Konepy\u00f6r\u00e4ilij\u00e4t ry<\/title>\n<meta name=\"robots\" content=\"index, follow, max-snippet:-1, max-image-preview:large, max-video-preview:-1\" \/>\n<link rel=\"canonical\" href=\"https:\/\/ylasavonmobilistit.fi\/index.php\/teuvo-lansivuori-uranayttely\/\" \/>\n<meta property=\"og:locale\" content=\"fi_FI\" \/>\n<meta property=\"og:type\" content=\"article\" \/>\n<meta property=\"og:title\" content=\"Teuvo L\u00e4nsivuori uran\u00e4yttely - Yl\u00e4-Savon Mobilistit ja Konepy\u00f6r\u00e4ilij\u00e4t ry\" \/>\n<meta property=\"og:description\" content=\"Teuvo L\u00e4nsivuori Silverstone Englanti 10.8.1975 N\u00e4yttelykuva 1 N\u00e4yttelykuva 2 N\u00e4yttelykuva 3 N\u00e4yttelykuva 4 N\u00e4yttelykuva 5 N\u00e4yttelykuva 5\" \/>\n<meta property=\"og:url\" content=\"https:\/\/ylasavonmobilistit.fi\/index.php\/teuvo-lansivuori-uranayttely\/\" \/>\n<meta property=\"og:site_name\" content=\"Yl\u00e4-Savon Mobilistit ja Konepy\u00f6r\u00e4ilij\u00e4t ry\" \/>\n<meta property=\"article:modified_time\" content=\"2024-05-31T10:24:50+00:00\" \/>\n<meta property=\"og:image\" content=\"https:\/\/ylasavonmobilistit.fi\/wp-content\/uploads\/2024\/05\/Mobilistiti-netti-2-150x150.png\" \/>\n<meta name=\"twitter:card\" content=\"summary_large_image\" \/>\n<meta name=\"twitter:label1\" content=\"Arvioitu lukuaika\" \/>\n\t<meta name=\"twitter:data1\" content=\"1 minuutti\" \/>\n<script type=\"application\/ld+json\" class=\"yoast-schema-graph\">{\"@context\":\"https:\/\/schema.org\",\"@graph\":[{\"@type\":\"WebPage\",\"@id\":\"https:\/\/ylasavonmobilistit.fi\/index.php\/teuvo-lansivuori-uranayttely\/\",\"url\":\"https:\/\/ylasavonmobilistit.fi\/index.php\/teuvo-lansivuori-uranayttely\/\",\"name\":\"Teuvo L\u00e4nsivuori uran\u00e4yttely - Yl\u00e4-Savon Mobilistit ja Konepy\u00f6r\u00e4ilij\u00e4t ry\",\"isPartOf\":{\"@id\":\"https:\/\/ylasavonmobilistit.fi\/#website\"},\"datePublished\":\"2024-05-27T17:43:46+00:00\",\"dateModified\":\"2024-05-31T10:24:50+00:00\",\"breadcrumb\":{\"@id\":\"https:\/\/ylasavonmobilistit.fi\/index.php\/teuvo-lansivuori-uranayttely\/#breadcrumb\"},\"inLanguage\":\"fi\",\"potentialAction\":[{\"@type\":\"ReadAction\",\"target\":[\"https:\/\/ylasavonmobilistit.fi\/index.php\/teuvo-lansivuori-uranayttely\/\"]}]},{\"@type\":\"BreadcrumbList\",\"@id\":\"https:\/\/ylasavonmobilistit.fi\/index.php\/teuvo-lansivuori-uranayttely\/#breadcrumb\",\"itemListElement\":[{\"@type\":\"ListItem\",\"position\":1,\"name\":\"Etusivu\",\"item\":\"https:\/\/ylasavonmobilistit.fi\/\"},{\"@type\":\"ListItem\",\"position\":2,\"name\":\"Teuvo L\u00e4nsivuori uran\u00e4yttely\"}]},{\"@type\":\"WebSite\",\"@id\":\"https:\/\/ylasavonmobilistit.fi\/#website\",\"url\":\"https:\/\/ylasavonmobilistit.fi\/\",\"name\":\"Yl\u00e4-Savon Mobilistit ja Konepy\u00f6r\u00e4ilij\u00e4t ry\",\"description\":\"\",\"potentialAction\":[{\"@type\":\"SearchAction\",\"target\":{\"@type\":\"EntryPoint\",\"urlTemplate\":\"https:\/\/ylasavonmobilistit.fi\/?s={search_term_string}\"},\"query-input\":\"required name=search_term_string\"}],\"inLanguage\":\"fi\"}]}<\/script>\n<!-- \/ Yoast SEO plugin. -->","yoast_head_json":{"title":"Teuvo L\u00e4nsivuori uran\u00e4yttely - Yl\u00e4-Savon Mobilistit ja Konepy\u00f6r\u00e4ilij\u00e4t ry","robots":{"index":"index","follow":"follow","max-snippet":"max-snippet:-1","max-image-preview":"max-image-preview:large","max-video-preview":"max-video-preview:-1"},"canonical":"https:\/\/ylasavonmobilistit.fi\/index.php\/teuvo-lansivuori-uranayttely\/","og_locale":"fi_FI","og_type":"article","og_title":"Teuvo L\u00e4nsivuori uran\u00e4yttely - Yl\u00e4-Savon Mobilistit ja Konepy\u00f6r\u00e4ilij\u00e4t ry","og_description":"Teuvo L\u00e4nsivuori Silverstone Englanti 10.8.1975 N\u00e4yttelykuva 1 N\u00e4yttelykuva 2 N\u00e4yttelykuva 3 N\u00e4yttelykuva 4 N\u00e4yttelykuva 5 N\u00e4yttelykuva 5","og_url":"https:\/\/ylasavonmobilistit.fi\/index.php\/teuvo-lansivuori-uranayttely\/","og_site_name":"Yl\u00e4-Savon Mobilistit ja Konepy\u00f6r\u00e4ilij\u00e4t ry","article_modified_time":"2024-05-31T10:24:50+00:00","og_image":[{"url":"https:\/\/ylasavonmobilistit.fi\/wp-content\/uploads\/2024\/05\/Mobilistiti-netti-2-150x150.png"}],"twitter_card":"summary_large_image","twitter_misc":{"Arvioitu lukuaika":"1 minuutti"},"schema":{"@context":"https:\/\/schema.org","@graph":[{"@type":"WebPage","@id":"https:\/\/ylasavonmobilistit.fi\/index.php\/teuvo-lansivuori-uranayttely\/","url":"https:\/\/ylasavonmobilistit.fi\/index.php\/teuvo-lansivuori-uranayttely\/","name":"Teuvo L\u00e4nsivuori uran\u00e4yttely - Yl\u00e4-Savon Mobilistit ja Konepy\u00f6r\u00e4ilij\u00e4t ry","isPartOf":{"@id":"https:\/\/ylasavonmobilistit.fi\/#website"},"datePublished":"2024-05-27T17:43:46+00:00","dateModified":"2024-05-31T10:24:50+00:00","breadcrumb":{"@id":"https:\/\/ylasavonmobilistit.fi\/index.php\/teuvo-lansivuori-uranayttely\/#breadcrumb"},"inLanguage":"fi","potentialAction":[{"@type":"ReadAction","target":["https:\/\/ylasavonmobilistit.fi\/index.php\/teuvo-lansivuori-uranayttely\/"]}]},{"@type":"BreadcrumbList","@id":"https:\/\/ylasavonmobilistit.fi\/index.php\/teuvo-lansivuori-uranayttely\/#breadcrumb","itemListElement":[{"@type":"ListItem","position":1,"name":"Etusivu","item":"https:\/\/ylasavonmobilistit.fi\/"},{"@type":"ListItem","position":2,"name":"Teuvo L\u00e4nsivuori uran\u00e4yttely"}]},{"@type":"WebSite","@id":"https:\/\/ylasavonmobilistit.fi\/#website","url":"https:\/\/ylasavonmobilistit.fi\/","name":"Yl\u00e4-Savon Mobilistit ja Konepy\u00f6r\u00e4ilij\u00e4t ry","description":"","potentialAction":[{"@type":"SearchAction","target":{"@type":"EntryPoint","urlTemplate":"https:\/\/ylasavonmobilistit.fi\/?s={search_term_string}"},"query-input":"required name=search_term_string"}],"inLanguage":"fi"}]}},"_links":{"self":[{"href":"https:\/\/ylasavonmobilistit.fi\/index.php\/wp-json\/wp\/v2\/pages\/636","targetHints":{"allow":["GET"]}}],"collection":[{"href":"https:\/\/ylasavonmobilistit.fi\/index.php\/wp-json\/wp\/v2\/pages"}],"about":[{"href":"https:\/\/ylasavonmobilistit.fi\/index.php\/wp-json\/wp\/v2\/types\/page"}],"author":[{"embeddable":true,"href":"https:\/\/ylasavonmobilistit.fi\/index.php\/wp-json\/wp\/v2\/users\/1"}],"replies":[{"embeddable":true,"href":"https:\/\/ylasavonmobilistit.fi\/index.php\/wp-json\/wp\/v2\/comments?post=636"}],"version-history":[{"count":7,"href":"https:\/\/ylasavonmobilistit.fi\/index.php\/wp-json\/wp\/v2\/pages\/636\/revisions"}],"predecessor-version":[{"id":669,"href":"https:\/\/ylasavonmobilistit.fi\/index.php\/wp-json\/wp\/v2\/pages\/636\/revisions\/669"}],"wp:attachment":[{"href":"https:\/\/ylasavonmobilistit.fi\/index.php\/wp-json\/wp\/v2\/media?parent=636"}],"curies":[{"name":"wp","href":"https:\/\/api.w.org\/{rel}","templated":true}]}}