{"id":322,"date":"2023-09-07T16:48:46","date_gmt":"2023-09-07T16:48:46","guid":{"rendered":"https:\/\/ylasavonmobilistit.fi\/?page_id=322"},"modified":"2025-08-07T18:54:53","modified_gmt":"2025-08-07T18:54:53","slug":"museoajoneuvotarkastus","status":"publish","type":"page","link":"https:\/\/ylasavonmobilistit.fi\/index.php\/museoajoneuvotarkastus\/","title":{"rendered":"Museoajoneuvotarkastus"},"content":{"rendered":"\t\t<div data-elementor-type=\"wp-page\" data-elementor-id=\"322\" class=\"elementor elementor-322\">\n\t\t\t\t\t\t\t\t\t<section class=\"elementor-section elementor-top-section elementor-element elementor-element-04b7999 elementor-section-boxed elementor-section-height-default elementor-section-height-default\" data-id=\"04b7999\" data-element_type=\"section\">\n\t\t\t\t\t\t<div class=\"elementor-container elementor-column-gap-default\">\n\t\t\t\t\t<div class=\"elementor-column elementor-col-100 elementor-top-column elementor-element elementor-element-7c228a9\" data-id=\"7c228a9\" data-element_type=\"column\">\n\t\t\t<div class=\"elementor-widget-wrap elementor-element-populated\">\n\t\t\t\t\t\t\t\t<div class=\"elementor-element elementor-element-b51084a elementor-widget elementor-widget-text-editor\" data-id=\"b51084a\" data-element_type=\"widget\" data-widget_type=\"text-editor.default\">\n\t\t\t\t<div class=\"elementor-widget-container\">\n\t\t\t<style>\/*! elementor - v3.15.0 - 20-08-2023 *\/\n.elementor-widget-text-editor.elementor-drop-cap-view-stacked .elementor-drop-cap{background-color:#69727d;color:#fff}.elementor-widget-text-editor.elementor-drop-cap-view-framed .elementor-drop-cap{color:#69727d;border:3px solid;background-color:transparent}.elementor-widget-text-editor:not(.elementor-drop-cap-view-default) .elementor-drop-cap{margin-top:8px}.elementor-widget-text-editor:not(.elementor-drop-cap-view-default) .elementor-drop-cap-letter{width:1em;height:1em}.elementor-widget-text-editor .elementor-drop-cap{float:left;text-align:center;line-height:1;font-size:50px}.elementor-widget-text-editor .elementor-drop-cap-letter{display:inline-block}<\/style>\t\t\t\t<p><span style=\"font-size: 16px; letter-spacing: 0px;\">Museoajoneuvotarkastajat:<\/span><\/p><p><span style=\"font-size: 16px; letter-spacing: 0px;\">Tauno Karppinen p. 0400 800700 (vastaava)<br \/><\/span><span style=\"font-size: 16px; letter-spacing: 0px;\">Pekka R\u00f6nkk\u00f6 p. 0440 571078<br \/><\/span><span style=\"font-size: 16px; letter-spacing: 0px;\">Mika Lehtonen p. 0500 674960<br \/><br \/><\/span>Museoajoneuvotarkastuksia tehd\u00e4\u00e4n Iisalmessa sopimuksen mukaan.<\/p><p>Raskaan kaluston yhdyshenkil\u00f6:<br \/>Tauno Karppinen p. 0400 800700<\/p>\t\t\t\t\t\t<\/div>\n\t\t\t\t<\/div>\n\t\t\t\t\t<\/div>\n\t\t<\/div>\n\t\t\t\t\t\t\t<\/div>\n\t\t<\/section>\n\t\t\t\t<section class=\"elementor-section elementor-top-section elementor-element elementor-element-77e9491 elementor-section-boxed elementor-section-height-default elementor-section-height-default\" data-id=\"77e9491\" data-element_type=\"section\">\n\t\t\t\t\t\t<div class=\"elementor-container elementor-column-gap-default\">\n\t\t\t\t\t<div class=\"elementor-column elementor-col-100 elementor-top-column elementor-element elementor-element-a5c212a\" data-id=\"a5c212a\" data-element_type=\"column\">\n\t\t\t<div class=\"elementor-widget-wrap\">\n\t\t\t\t\t\t\t\t\t<\/div>\n\t\t<\/div>\n\t\t\t\t\t\t\t<\/div>\n\t\t<\/section>\n\t\t\t\t\t\t\t<\/div>\n\t\t","protected":false},"excerpt":{"rendered":"<p>Museoajoneuvotarkastajat: Tauno Karppinen p. 0400 800700 (vastaava)Pekka R\u00f6nkk\u00f6 p. 0440 571078Mika Lehtonen p. 0500 674960 Museoajoneuvotarkastuksia tehd\u00e4\u00e4n Iisalmessa sopimuksen mukaan. Raskaan kaluston yhdyshenkil\u00f6:Tauno Karppinen p. 0400 800700<\/p>\n","protected":false},"author":1,"featured_media":0,"parent":0,"menu_order":0,"comment_status":"closed","ping_status":"closed","template":"","meta":{"footnotes":""},"class_list":["post-322","page","type-page","status-publish","hentry"],"yoast_head":"<!-- This site is optimized with the Yoast SEO plugin v20.13 - https:\/\/yoast.com\/wordpress\/plugins\/seo\/ -->\n<title>Museoajoneuvotarkastus - Yl\u00e4-Savon Mobilistit ja Konepy\u00f6r\u00e4ilij\u00e4t ry<\/title>\n<meta name=\"robots\" content=\"index, follow, max-snippet:-1, max-image-preview:large, max-video-preview:-1\" \/>\n<link rel=\"canonical\" href=\"https:\/\/ylasavonmobilistit.fi\/index.php\/museoajoneuvotarkastus\/\" \/>\n<meta property=\"og:locale\" content=\"fi_FI\" \/>\n<meta property=\"og:type\" content=\"article\" \/>\n<meta property=\"og:title\" content=\"Museoajoneuvotarkastus - Yl\u00e4-Savon Mobilistit ja Konepy\u00f6r\u00e4ilij\u00e4t ry\" \/>\n<meta property=\"og:description\" content=\"Museoajoneuvotarkastajat: Tauno Karppinen p. 0400 800700 (vastaava)Pekka R\u00f6nkk\u00f6 p. 0440 571078Mika Lehtonen p. 0500 674960 Museoajoneuvotarkastuksia tehd\u00e4\u00e4n Iisalmessa sopimuksen mukaan. Raskaan kaluston yhdyshenkil\u00f6:Tauno Karppinen p. 0400 800700\" \/>\n<meta property=\"og:url\" content=\"https:\/\/ylasavonmobilistit.fi\/index.php\/museoajoneuvotarkastus\/\" \/>\n<meta property=\"og:site_name\" content=\"Yl\u00e4-Savon Mobilistit ja Konepy\u00f6r\u00e4ilij\u00e4t ry\" \/>\n<meta property=\"article:modified_time\" content=\"2025-08-07T18:54:53+00:00\" \/>\n<meta name=\"twitter:card\" content=\"summary_large_image\" \/>\n<meta name=\"twitter:label1\" content=\"Arvioitu lukuaika\" \/>\n\t<meta name=\"twitter:data1\" content=\"1 minuutti\" \/>\n<script type=\"application\/ld+json\" class=\"yoast-schema-graph\">{\"@context\":\"https:\/\/schema.org\",\"@graph\":[{\"@type\":\"WebPage\",\"@id\":\"https:\/\/ylasavonmobilistit.fi\/index.php\/museoajoneuvotarkastus\/\",\"url\":\"https:\/\/ylasavonmobilistit.fi\/index.php\/museoajoneuvotarkastus\/\",\"name\":\"Museoajoneuvotarkastus - Yl\u00e4-Savon Mobilistit ja Konepy\u00f6r\u00e4ilij\u00e4t ry\",\"isPartOf\":{\"@id\":\"https:\/\/ylasavonmobilistit.fi\/#website\"},\"datePublished\":\"2023-09-07T16:48:46+00:00\",\"dateModified\":\"2025-08-07T18:54:53+00:00\",\"breadcrumb\":{\"@id\":\"https:\/\/ylasavonmobilistit.fi\/index.php\/museoajoneuvotarkastus\/#breadcrumb\"},\"inLanguage\":\"fi\",\"potentialAction\":[{\"@type\":\"ReadAction\",\"target\":[\"https:\/\/ylasavonmobilistit.fi\/index.php\/museoajoneuvotarkastus\/\"]}]},{\"@type\":\"BreadcrumbList\",\"@id\":\"https:\/\/ylasavonmobilistit.fi\/index.php\/museoajoneuvotarkastus\/#breadcrumb\",\"itemListElement\":[{\"@type\":\"ListItem\",\"position\":1,\"name\":\"Etusivu\",\"item\":\"https:\/\/ylasavonmobilistit.fi\/\"},{\"@type\":\"ListItem\",\"position\":2,\"name\":\"Museoajoneuvotarkastus\"}]},{\"@type\":\"WebSite\",\"@id\":\"https:\/\/ylasavonmobilistit.fi\/#website\",\"url\":\"https:\/\/ylasavonmobilistit.fi\/\",\"name\":\"Yl\u00e4-Savon Mobilistit ja Konepy\u00f6r\u00e4ilij\u00e4t ry\",\"description\":\"\",\"potentialAction\":[{\"@type\":\"SearchAction\",\"target\":{\"@type\":\"EntryPoint\",\"urlTemplate\":\"https:\/\/ylasavonmobilistit.fi\/?s={search_term_string}\"},\"query-input\":\"required name=search_term_string\"}],\"inLanguage\":\"fi\"}]}<\/script>\n<!-- \/ Yoast SEO plugin. -->","yoast_head_json":{"title":"Museoajoneuvotarkastus - Yl\u00e4-Savon Mobilistit ja Konepy\u00f6r\u00e4ilij\u00e4t ry","robots":{"index":"index","follow":"follow","max-snippet":"max-snippet:-1","max-image-preview":"max-image-preview:large","max-video-preview":"max-video-preview:-1"},"canonical":"https:\/\/ylasavonmobilistit.fi\/index.php\/museoajoneuvotarkastus\/","og_locale":"fi_FI","og_type":"article","og_title":"Museoajoneuvotarkastus - Yl\u00e4-Savon Mobilistit ja Konepy\u00f6r\u00e4ilij\u00e4t ry","og_description":"Museoajoneuvotarkastajat: Tauno Karppinen p. 0400 800700 (vastaava)Pekka R\u00f6nkk\u00f6 p. 0440 571078Mika Lehtonen p. 0500 674960 Museoajoneuvotarkastuksia tehd\u00e4\u00e4n Iisalmessa sopimuksen mukaan. Raskaan kaluston yhdyshenkil\u00f6:Tauno Karppinen p. 0400 800700","og_url":"https:\/\/ylasavonmobilistit.fi\/index.php\/museoajoneuvotarkastus\/","og_site_name":"Yl\u00e4-Savon Mobilistit ja Konepy\u00f6r\u00e4ilij\u00e4t ry","article_modified_time":"2025-08-07T18:54:53+00:00","twitter_card":"summary_large_image","twitter_misc":{"Arvioitu lukuaika":"1 minuutti"},"schema":{"@context":"https:\/\/schema.org","@graph":[{"@type":"WebPage","@id":"https:\/\/ylasavonmobilistit.fi\/index.php\/museoajoneuvotarkastus\/","url":"https:\/\/ylasavonmobilistit.fi\/index.php\/museoajoneuvotarkastus\/","name":"Museoajoneuvotarkastus - Yl\u00e4-Savon Mobilistit ja Konepy\u00f6r\u00e4ilij\u00e4t ry","isPartOf":{"@id":"https:\/\/ylasavonmobilistit.fi\/#website"},"datePublished":"2023-09-07T16:48:46+00:00","dateModified":"2025-08-07T18:54:53+00:00","breadcrumb":{"@id":"https:\/\/ylasavonmobilistit.fi\/index.php\/museoajoneuvotarkastus\/#breadcrumb"},"inLanguage":"fi","potentialAction":[{"@type":"ReadAction","target":["https:\/\/ylasavonmobilistit.fi\/index.php\/museoajoneuvotarkastus\/"]}]},{"@type":"BreadcrumbList","@id":"https:\/\/ylasavonmobilistit.fi\/index.php\/museoajoneuvotarkastus\/#breadcrumb","itemListElement":[{"@type":"ListItem","position":1,"name":"Etusivu","item":"https:\/\/ylasavonmobilistit.fi\/"},{"@type":"ListItem","position":2,"name":"Museoajoneuvotarkastus"}]},{"@type":"WebSite","@id":"https:\/\/ylasavonmobilistit.fi\/#website","url":"https:\/\/ylasavonmobilistit.fi\/","name":"Yl\u00e4-Savon Mobilistit ja Konepy\u00f6r\u00e4ilij\u00e4t ry","description":"","potentialAction":[{"@type":"SearchAction","target":{"@type":"EntryPoint","urlTemplate":"https:\/\/ylasavonmobilistit.fi\/?s={search_term_string}"},"query-input":"required name=search_term_string"}],"inLanguage":"fi"}]}},"_links":{"self":[{"href":"https:\/\/ylasavonmobilistit.fi\/index.php\/wp-json\/wp\/v2\/pages\/322","targetHints":{"allow":["GET"]}}],"collection":[{"href":"https:\/\/ylasavonmobilistit.fi\/index.php\/wp-json\/wp\/v2\/pages"}],"about":[{"href":"https:\/\/ylasavonmobilistit.fi\/index.php\/wp-json\/wp\/v2\/types\/page"}],"author":[{"embeddable":true,"href":"https:\/\/ylasavonmobilistit.fi\/index.php\/wp-json\/wp\/v2\/users\/1"}],"replies":[{"embeddable":true,"href":"https:\/\/ylasavonmobilistit.fi\/index.php\/wp-json\/wp\/v2\/comments?post=322"}],"version-history":[{"count":19,"href":"https:\/\/ylasavonmobilistit.fi\/index.php\/wp-json\/wp\/v2\/pages\/322\/revisions"}],"predecessor-version":[{"id":1359,"href":"https:\/\/ylasavonmobilistit.fi\/index.php\/wp-json\/wp\/v2\/pages\/322\/revisions\/1359"}],"wp:attachment":[{"href":"https:\/\/ylasavonmobilistit.fi\/index.php\/wp-json\/wp\/v2\/media?parent=322"}],"curies":[{"name":"wp","href":"https:\/\/api.w.org\/{rel}","templated":true}]}}