{"id":26,"date":"2023-07-30T08:46:50","date_gmt":"2023-07-30T08:46:50","guid":{"rendered":"https:\/\/ylasavonmobilistit.fi\/?page_id=26"},"modified":"2023-08-10T11:15:46","modified_gmt":"2023-08-10T11:15:46","slug":"wappunayttely-2013","status":"publish","type":"page","link":"https:\/\/ylasavonmobilistit.fi\/index.php\/wappunayttely-2013\/","title":{"rendered":"Wappun\u00e4yttely 1.5.2013"},"content":{"rendered":"\t\t<div data-elementor-type=\"wp-page\" data-elementor-id=\"26\" class=\"elementor elementor-26\">\n\t\t\t\t\t\t\t\t\t<section class=\"elementor-section elementor-top-section elementor-element elementor-element-dff607b elementor-section-boxed elementor-section-height-default elementor-section-height-default\" data-id=\"dff607b\" data-element_type=\"section\">\n\t\t\t\t\t\t<div class=\"elementor-container elementor-column-gap-default\">\n\t\t\t\t\t<div class=\"elementor-column elementor-col-100 elementor-top-column elementor-element elementor-element-31f869c\" data-id=\"31f869c\" data-element_type=\"column\">\n\t\t\t<div class=\"elementor-widget-wrap elementor-element-populated\">\n\t\t\t\t\t\t\t\t<div class=\"elementor-element elementor-element-875c6a5 elementor-widget elementor-widget-image-gallery\" data-id=\"875c6a5\" data-element_type=\"widget\" data-widget_type=\"image-gallery.default\">\n\t\t\t\t<div class=\"elementor-widget-container\">\n\t\t\t<style>\/*! elementor - v3.15.0 - 20-08-2023 *\/\n.elementor-image-gallery .gallery-item{display:inline-block;text-align:center;vertical-align:top;width:100%;max-width:100%;margin:0 auto}.elementor-image-gallery .gallery-item img{margin:0 auto}.elementor-image-gallery .gallery-item .gallery-caption{margin:0}.elementor-image-gallery figure img{display:block}.elementor-image-gallery figure figcaption{width:100%}.gallery-spacing-custom .elementor-image-gallery .gallery-icon{padding:0}@media (min-width:768px){.elementor-image-gallery .gallery-columns-2 .gallery-item{max-width:50%}.elementor-image-gallery .gallery-columns-3 .gallery-item{max-width:33.33%}.elementor-image-gallery .gallery-columns-4 .gallery-item{max-width:25%}.elementor-image-gallery .gallery-columns-5 .gallery-item{max-width:20%}.elementor-image-gallery .gallery-columns-6 .gallery-item{max-width:16.666%}.elementor-image-gallery .gallery-columns-7 .gallery-item{max-width:14.28%}.elementor-image-gallery .gallery-columns-8 .gallery-item{max-width:12.5%}.elementor-image-gallery .gallery-columns-9 .gallery-item{max-width:11.11%}.elementor-image-gallery .gallery-columns-10 .gallery-item{max-width:10%}}@media (min-width:480px) and (max-width:767px){.elementor-image-gallery .gallery.gallery-columns-2 .gallery-item,.elementor-image-gallery .gallery.gallery-columns-3 .gallery-item,.elementor-image-gallery .gallery.gallery-columns-4 .gallery-item,.elementor-image-gallery .gallery.gallery-columns-5 .gallery-item,.elementor-image-gallery .gallery.gallery-columns-6 .gallery-item,.elementor-image-gallery .gallery.gallery-columns-7 .gallery-item,.elementor-image-gallery .gallery.gallery-columns-8 .gallery-item,.elementor-image-gallery .gallery.gallery-columns-9 .gallery-item,.elementor-image-gallery .gallery.gallery-columns-10 .gallery-item{max-width:50%}}@media (max-width:479px){.elementor-image-gallery .gallery.gallery-columns-2 .gallery-item,.elementor-image-gallery .gallery.gallery-columns-3 .gallery-item,.elementor-image-gallery .gallery.gallery-columns-4 .gallery-item,.elementor-image-gallery .gallery.gallery-columns-5 .gallery-item,.elementor-image-gallery .gallery.gallery-columns-6 .gallery-item,.elementor-image-gallery .gallery.gallery-columns-7 .gallery-item,.elementor-image-gallery .gallery.gallery-columns-8 .gallery-item,.elementor-image-gallery .gallery.gallery-columns-9 .gallery-item,.elementor-image-gallery .gallery.gallery-columns-10 .gallery-item{max-width:100%}}<\/style>\t\t<div class=\"elementor-image-gallery\">\n\t\t\t\n\t\t<style type=\"text\/css\">\n\t\t\t#gallery-1 {\n\t\t\t\tmargin: auto;\n\t\t\t}\n\t\t\t#gallery-1 .gallery-item {\n\t\t\t\tfloat: left;\n\t\t\t\tmargin-top: 10px;\n\t\t\t\ttext-align: center;\n\t\t\t\twidth: 25%;\n\t\t\t}\n\t\t\t#gallery-1 img {\n\t\t\t\tborder: 2px solid #cfcfcf;\n\t\t\t}\n\t\t\t#gallery-1 .gallery-caption {\n\t\t\t\tmargin-left: 0;\n\t\t\t}\n\t\t\t\/* see gallery_shortcode() in wp-includes\/media.php *\/\n\t\t<\/style>\n\t\t<div id='gallery-1' class='gallery galleryid-26 gallery-columns-4 gallery-size-thumbnail'><dl class='gallery-item'>\n\t\t\t<dt class='gallery-icon landscape'>\n\t\t\t\t<a data-elementor-open-lightbox=\"yes\" data-elementor-lightbox-slideshow=\"875c6a5\" data-e-action-hash=\"#elementor-action%3Aaction%3Dlightbox%26settings%3DeyJpZCI6NjYsInVybCI6Imh0dHBzOlwvXC95bGFzYXZvbm1vYmlsaXN0aXQuZmlcL3dwLWNvbnRlbnRcL3VwbG9hZHNcLzIwMjNcLzA3XC9WYXBwdW5heXR0ZWx5LTIwMTUtMTYuanBnIiwic2xpZGVzaG93IjoiODc1YzZhNSJ9\" href='https:\/\/ylasavonmobilistit.fi\/wp-content\/uploads\/2023\/07\/Vappunayttely-2015-16.jpg'><img loading=\"lazy\" decoding=\"async\" width=\"150\" height=\"150\" src=\"https:\/\/ylasavonmobilistit.fi\/wp-content\/uploads\/2023\/07\/Vappunayttely-2015-16-150x150.jpg\" class=\"attachment-thumbnail size-thumbnail\" alt=\"\" \/><\/a>\n\t\t\t<\/dt><\/dl><dl class='gallery-item'>\n\t\t\t<dt class='gallery-icon landscape'>\n\t\t\t\t<a data-elementor-open-lightbox=\"yes\" data-elementor-lightbox-slideshow=\"875c6a5\" data-e-action-hash=\"#elementor-action%3Aaction%3Dlightbox%26settings%3DeyJpZCI6MTY1LCJ1cmwiOiJodHRwczpcL1wveWxhc2F2b25tb2JpbGlzdGl0LmZpXC93cC1jb250ZW50XC91cGxvYWRzXC8yMDIzXC8wOFwvd2FwcHUxMy4xNy5qcGciLCJzbGlkZXNob3ciOiI4NzVjNmE1In0%3D\" href='https:\/\/ylasavonmobilistit.fi\/wp-content\/uploads\/2023\/08\/wappu13.17.jpg'><img loading=\"lazy\" decoding=\"async\" width=\"150\" height=\"150\" src=\"https:\/\/ylasavonmobilistit.fi\/wp-content\/uploads\/2023\/08\/wappu13.17-150x150.jpg\" class=\"attachment-thumbnail size-thumbnail\" alt=\"\" \/><\/a>\n\t\t\t<\/dt><\/dl><dl class='gallery-item'>\n\t\t\t<dt class='gallery-icon landscape'>\n\t\t\t\t<a data-elementor-open-lightbox=\"yes\" data-elementor-lightbox-slideshow=\"875c6a5\" data-e-action-hash=\"#elementor-action%3Aaction%3Dlightbox%26settings%3DeyJpZCI6MTY0LCJ1cmwiOiJodHRwczpcL1wveWxhc2F2b25tb2JpbGlzdGl0LmZpXC93cC1jb250ZW50XC91cGxvYWRzXC8yMDIzXC8wOFwvd2FwcHUxMy4xNi5qcGciLCJzbGlkZXNob3ciOiI4NzVjNmE1In0%3D\" href='https:\/\/ylasavonmobilistit.fi\/wp-content\/uploads\/2023\/08\/wappu13.16.jpg'><img loading=\"lazy\" decoding=\"async\" width=\"150\" height=\"150\" src=\"https:\/\/ylasavonmobilistit.fi\/wp-content\/uploads\/2023\/08\/wappu13.16-150x150.jpg\" class=\"attachment-thumbnail size-thumbnail\" alt=\"\" \/><\/a>\n\t\t\t<\/dt><\/dl><dl class='gallery-item'>\n\t\t\t<dt class='gallery-icon landscape'>\n\t\t\t\t<a data-elementor-open-lightbox=\"yes\" data-elementor-lightbox-slideshow=\"875c6a5\" data-e-action-hash=\"#elementor-action%3Aaction%3Dlightbox%26settings%3DeyJpZCI6MTYzLCJ1cmwiOiJodHRwczpcL1wveWxhc2F2b25tb2JpbGlzdGl0LmZpXC93cC1jb250ZW50XC91cGxvYWRzXC8yMDIzXC8wOFwvd2FwcHUxMy4xNS5qcGciLCJzbGlkZXNob3ciOiI4NzVjNmE1In0%3D\" href='https:\/\/ylasavonmobilistit.fi\/wp-content\/uploads\/2023\/08\/wappu13.15.jpg'><img loading=\"lazy\" decoding=\"async\" width=\"150\" height=\"150\" src=\"https:\/\/ylasavonmobilistit.fi\/wp-content\/uploads\/2023\/08\/wappu13.15-150x150.jpg\" class=\"attachment-thumbnail size-thumbnail\" alt=\"\" \/><\/a>\n\t\t\t<\/dt><\/dl><br style=\"clear: both\" \/><dl class='gallery-item'>\n\t\t\t<dt class='gallery-icon landscape'>\n\t\t\t\t<a data-elementor-open-lightbox=\"yes\" data-elementor-lightbox-slideshow=\"875c6a5\" data-e-action-hash=\"#elementor-action%3Aaction%3Dlightbox%26settings%3DeyJpZCI6MTYyLCJ1cmwiOiJodHRwczpcL1wveWxhc2F2b25tb2JpbGlzdGl0LmZpXC93cC1jb250ZW50XC91cGxvYWRzXC8yMDIzXC8wOFwvd2FwcHUxMy4xNC5qcGciLCJzbGlkZXNob3ciOiI4NzVjNmE1In0%3D\" href='https:\/\/ylasavonmobilistit.fi\/wp-content\/uploads\/2023\/08\/wappu13.14.jpg'><img loading=\"lazy\" decoding=\"async\" width=\"150\" height=\"150\" src=\"https:\/\/ylasavonmobilistit.fi\/wp-content\/uploads\/2023\/08\/wappu13.14-150x150.jpg\" class=\"attachment-thumbnail size-thumbnail\" alt=\"\" \/><\/a>\n\t\t\t<\/dt><\/dl><dl class='gallery-item'>\n\t\t\t<dt class='gallery-icon landscape'>\n\t\t\t\t<a data-elementor-open-lightbox=\"yes\" data-elementor-lightbox-slideshow=\"875c6a5\" data-e-action-hash=\"#elementor-action%3Aaction%3Dlightbox%26settings%3DeyJpZCI6MTYxLCJ1cmwiOiJodHRwczpcL1wveWxhc2F2b25tb2JpbGlzdGl0LmZpXC93cC1jb250ZW50XC91cGxvYWRzXC8yMDIzXC8wOFwvd2FwcHUxMy4xMy5qcGciLCJzbGlkZXNob3ciOiI4NzVjNmE1In0%3D\" href='https:\/\/ylasavonmobilistit.fi\/wp-content\/uploads\/2023\/08\/wappu13.13.jpg'><img loading=\"lazy\" decoding=\"async\" width=\"150\" height=\"150\" src=\"https:\/\/ylasavonmobilistit.fi\/wp-content\/uploads\/2023\/08\/wappu13.13-150x150.jpg\" class=\"attachment-thumbnail size-thumbnail\" alt=\"\" \/><\/a>\n\t\t\t<\/dt><\/dl><dl class='gallery-item'>\n\t\t\t<dt class='gallery-icon landscape'>\n\t\t\t\t<a data-elementor-open-lightbox=\"yes\" data-elementor-lightbox-slideshow=\"875c6a5\" data-e-action-hash=\"#elementor-action%3Aaction%3Dlightbox%26settings%3DeyJpZCI6MTYwLCJ1cmwiOiJodHRwczpcL1wveWxhc2F2b25tb2JpbGlzdGl0LmZpXC93cC1jb250ZW50XC91cGxvYWRzXC8yMDIzXC8wOFwvd2FwcHUxMy4xMi5qcGciLCJzbGlkZXNob3ciOiI4NzVjNmE1In0%3D\" href='https:\/\/ylasavonmobilistit.fi\/wp-content\/uploads\/2023\/08\/wappu13.12.jpg'><img loading=\"lazy\" decoding=\"async\" width=\"150\" height=\"150\" src=\"https:\/\/ylasavonmobilistit.fi\/wp-content\/uploads\/2023\/08\/wappu13.12-150x150.jpg\" class=\"attachment-thumbnail size-thumbnail\" alt=\"\" \/><\/a>\n\t\t\t<\/dt><\/dl><dl class='gallery-item'>\n\t\t\t<dt class='gallery-icon landscape'>\n\t\t\t\t<a data-elementor-open-lightbox=\"yes\" data-elementor-lightbox-slideshow=\"875c6a5\" data-e-action-hash=\"#elementor-action%3Aaction%3Dlightbox%26settings%3DeyJpZCI6MTU5LCJ1cmwiOiJodHRwczpcL1wveWxhc2F2b25tb2JpbGlzdGl0LmZpXC93cC1jb250ZW50XC91cGxvYWRzXC8yMDIzXC8wOFwvd2FwcHUxMy4xMS5qcGciLCJzbGlkZXNob3ciOiI4NzVjNmE1In0%3D\" href='https:\/\/ylasavonmobilistit.fi\/wp-content\/uploads\/2023\/08\/wappu13.11.jpg'><img loading=\"lazy\" decoding=\"async\" width=\"150\" height=\"150\" src=\"https:\/\/ylasavonmobilistit.fi\/wp-content\/uploads\/2023\/08\/wappu13.11-150x150.jpg\" class=\"attachment-thumbnail size-thumbnail\" alt=\"\" \/><\/a>\n\t\t\t<\/dt><\/dl><br style=\"clear: both\" \/><dl class='gallery-item'>\n\t\t\t<dt class='gallery-icon landscape'>\n\t\t\t\t<a data-elementor-open-lightbox=\"yes\" data-elementor-lightbox-slideshow=\"875c6a5\" data-e-action-hash=\"#elementor-action%3Aaction%3Dlightbox%26settings%3DeyJpZCI6MTU4LCJ1cmwiOiJodHRwczpcL1wveWxhc2F2b25tb2JpbGlzdGl0LmZpXC93cC1jb250ZW50XC91cGxvYWRzXC8yMDIzXC8wOFwvd2FwcHUxMy4xMC5qcGciLCJzbGlkZXNob3ciOiI4NzVjNmE1In0%3D\" href='https:\/\/ylasavonmobilistit.fi\/wp-content\/uploads\/2023\/08\/wappu13.10.jpg'><img loading=\"lazy\" decoding=\"async\" width=\"150\" height=\"150\" src=\"https:\/\/ylasavonmobilistit.fi\/wp-content\/uploads\/2023\/08\/wappu13.10-150x150.jpg\" class=\"attachment-thumbnail size-thumbnail\" alt=\"\" \/><\/a>\n\t\t\t<\/dt><\/dl><dl class='gallery-item'>\n\t\t\t<dt class='gallery-icon landscape'>\n\t\t\t\t<a data-elementor-open-lightbox=\"yes\" data-elementor-lightbox-slideshow=\"875c6a5\" data-e-action-hash=\"#elementor-action%3Aaction%3Dlightbox%26settings%3DeyJpZCI6MTU3LCJ1cmwiOiJodHRwczpcL1wveWxhc2F2b25tb2JpbGlzdGl0LmZpXC93cC1jb250ZW50XC91cGxvYWRzXC8yMDIzXC8wOFwvd2FwcHUxMy45LmpwZyIsInNsaWRlc2hvdyI6Ijg3NWM2YTUifQ%3D%3D\" href='https:\/\/ylasavonmobilistit.fi\/wp-content\/uploads\/2023\/08\/wappu13.9.jpg'><img loading=\"lazy\" decoding=\"async\" width=\"150\" height=\"150\" src=\"https:\/\/ylasavonmobilistit.fi\/wp-content\/uploads\/2023\/08\/wappu13.9-150x150.jpg\" class=\"attachment-thumbnail size-thumbnail\" alt=\"\" \/><\/a>\n\t\t\t<\/dt><\/dl><dl class='gallery-item'>\n\t\t\t<dt class='gallery-icon landscape'>\n\t\t\t\t<a data-elementor-open-lightbox=\"yes\" data-elementor-lightbox-slideshow=\"875c6a5\" data-e-action-hash=\"#elementor-action%3Aaction%3Dlightbox%26settings%3DeyJpZCI6MTU2LCJ1cmwiOiJodHRwczpcL1wveWxhc2F2b25tb2JpbGlzdGl0LmZpXC93cC1jb250ZW50XC91cGxvYWRzXC8yMDIzXC8wOFwvd2FwcHUxMy44LmpwZyIsInNsaWRlc2hvdyI6Ijg3NWM2YTUifQ%3D%3D\" href='https:\/\/ylasavonmobilistit.fi\/wp-content\/uploads\/2023\/08\/wappu13.8.jpg'><img loading=\"lazy\" decoding=\"async\" width=\"150\" height=\"150\" src=\"https:\/\/ylasavonmobilistit.fi\/wp-content\/uploads\/2023\/08\/wappu13.8-150x150.jpg\" class=\"attachment-thumbnail size-thumbnail\" alt=\"\" \/><\/a>\n\t\t\t<\/dt><\/dl><dl class='gallery-item'>\n\t\t\t<dt class='gallery-icon landscape'>\n\t\t\t\t<a data-elementor-open-lightbox=\"yes\" data-elementor-lightbox-slideshow=\"875c6a5\" data-e-action-hash=\"#elementor-action%3Aaction%3Dlightbox%26settings%3DeyJpZCI6MTU1LCJ1cmwiOiJodHRwczpcL1wveWxhc2F2b25tb2JpbGlzdGl0LmZpXC93cC1jb250ZW50XC91cGxvYWRzXC8yMDIzXC8wOFwvd2FwcHUxMy43LmpwZyIsInNsaWRlc2hvdyI6Ijg3NWM2YTUifQ%3D%3D\" href='https:\/\/ylasavonmobilistit.fi\/wp-content\/uploads\/2023\/08\/wappu13.7.jpg'><img loading=\"lazy\" decoding=\"async\" width=\"150\" height=\"150\" src=\"https:\/\/ylasavonmobilistit.fi\/wp-content\/uploads\/2023\/08\/wappu13.7-150x150.jpg\" class=\"attachment-thumbnail size-thumbnail\" alt=\"\" \/><\/a>\n\t\t\t<\/dt><\/dl><br style=\"clear: both\" \/><dl class='gallery-item'>\n\t\t\t<dt class='gallery-icon landscape'>\n\t\t\t\t<a data-elementor-open-lightbox=\"yes\" data-elementor-lightbox-slideshow=\"875c6a5\" data-e-action-hash=\"#elementor-action%3Aaction%3Dlightbox%26settings%3DeyJpZCI6MTU0LCJ1cmwiOiJodHRwczpcL1wveWxhc2F2b25tb2JpbGlzdGl0LmZpXC93cC1jb250ZW50XC91cGxvYWRzXC8yMDIzXC8wOFwvd2FwcHUxMy42LmpwZyIsInNsaWRlc2hvdyI6Ijg3NWM2YTUifQ%3D%3D\" href='https:\/\/ylasavonmobilistit.fi\/wp-content\/uploads\/2023\/08\/wappu13.6.jpg'><img loading=\"lazy\" decoding=\"async\" width=\"150\" height=\"150\" src=\"https:\/\/ylasavonmobilistit.fi\/wp-content\/uploads\/2023\/08\/wappu13.6-150x150.jpg\" class=\"attachment-thumbnail size-thumbnail\" alt=\"\" \/><\/a>\n\t\t\t<\/dt><\/dl><dl class='gallery-item'>\n\t\t\t<dt class='gallery-icon landscape'>\n\t\t\t\t<a data-elementor-open-lightbox=\"yes\" data-elementor-lightbox-slideshow=\"875c6a5\" data-e-action-hash=\"#elementor-action%3Aaction%3Dlightbox%26settings%3DeyJpZCI6MTUzLCJ1cmwiOiJodHRwczpcL1wveWxhc2F2b25tb2JpbGlzdGl0LmZpXC93cC1jb250ZW50XC91cGxvYWRzXC8yMDIzXC8wOFwvd2FwcHUxMy41LmpwZyIsInNsaWRlc2hvdyI6Ijg3NWM2YTUifQ%3D%3D\" href='https:\/\/ylasavonmobilistit.fi\/wp-content\/uploads\/2023\/08\/wappu13.5.jpg'><img loading=\"lazy\" decoding=\"async\" width=\"150\" height=\"150\" src=\"https:\/\/ylasavonmobilistit.fi\/wp-content\/uploads\/2023\/08\/wappu13.5-150x150.jpg\" class=\"attachment-thumbnail size-thumbnail\" alt=\"\" \/><\/a>\n\t\t\t<\/dt><\/dl><dl class='gallery-item'>\n\t\t\t<dt class='gallery-icon landscape'>\n\t\t\t\t<a data-elementor-open-lightbox=\"yes\" data-elementor-lightbox-slideshow=\"875c6a5\" data-e-action-hash=\"#elementor-action%3Aaction%3Dlightbox%26settings%3DeyJpZCI6MTUyLCJ1cmwiOiJodHRwczpcL1wveWxhc2F2b25tb2JpbGlzdGl0LmZpXC93cC1jb250ZW50XC91cGxvYWRzXC8yMDIzXC8wOFwvd2FwcHUxMy40LmpwZyIsInNsaWRlc2hvdyI6Ijg3NWM2YTUifQ%3D%3D\" href='https:\/\/ylasavonmobilistit.fi\/wp-content\/uploads\/2023\/08\/wappu13.4.jpg'><img loading=\"lazy\" decoding=\"async\" width=\"150\" height=\"150\" src=\"https:\/\/ylasavonmobilistit.fi\/wp-content\/uploads\/2023\/08\/wappu13.4-150x150.jpg\" class=\"attachment-thumbnail size-thumbnail\" alt=\"\" \/><\/a>\n\t\t\t<\/dt><\/dl><dl class='gallery-item'>\n\t\t\t<dt class='gallery-icon landscape'>\n\t\t\t\t<a data-elementor-open-lightbox=\"yes\" data-elementor-lightbox-slideshow=\"875c6a5\" data-e-action-hash=\"#elementor-action%3Aaction%3Dlightbox%26settings%3DeyJpZCI6MTUxLCJ1cmwiOiJodHRwczpcL1wveWxhc2F2b25tb2JpbGlzdGl0LmZpXC93cC1jb250ZW50XC91cGxvYWRzXC8yMDIzXC8wOFwvd2FwcHUxMy4zLmpwZyIsInNsaWRlc2hvdyI6Ijg3NWM2YTUifQ%3D%3D\" href='https:\/\/ylasavonmobilistit.fi\/wp-content\/uploads\/2023\/08\/wappu13.3.jpg'><img loading=\"lazy\" decoding=\"async\" width=\"150\" height=\"150\" src=\"https:\/\/ylasavonmobilistit.fi\/wp-content\/uploads\/2023\/08\/wappu13.3-150x150.jpg\" class=\"attachment-thumbnail size-thumbnail\" alt=\"\" \/><\/a>\n\t\t\t<\/dt><\/dl><br style=\"clear: both\" \/><dl class='gallery-item'>\n\t\t\t<dt class='gallery-icon landscape'>\n\t\t\t\t<a data-elementor-open-lightbox=\"yes\" data-elementor-lightbox-slideshow=\"875c6a5\" data-e-action-hash=\"#elementor-action%3Aaction%3Dlightbox%26settings%3DeyJpZCI6MTUwLCJ1cmwiOiJodHRwczpcL1wveWxhc2F2b25tb2JpbGlzdGl0LmZpXC93cC1jb250ZW50XC91cGxvYWRzXC8yMDIzXC8wOFwvd2FwcHUxMy4yLmpwZyIsInNsaWRlc2hvdyI6Ijg3NWM2YTUifQ%3D%3D\" href='https:\/\/ylasavonmobilistit.fi\/wp-content\/uploads\/2023\/08\/wappu13.2.jpg'><img loading=\"lazy\" decoding=\"async\" width=\"150\" height=\"150\" src=\"https:\/\/ylasavonmobilistit.fi\/wp-content\/uploads\/2023\/08\/wappu13.2-150x150.jpg\" class=\"attachment-thumbnail size-thumbnail\" alt=\"\" \/><\/a>\n\t\t\t<\/dt><\/dl><dl class='gallery-item'>\n\t\t\t<dt class='gallery-icon landscape'>\n\t\t\t\t<a data-elementor-open-lightbox=\"yes\" data-elementor-lightbox-slideshow=\"875c6a5\" data-e-action-hash=\"#elementor-action%3Aaction%3Dlightbox%26settings%3DeyJpZCI6MTQ5LCJ1cmwiOiJodHRwczpcL1wveWxhc2F2b25tb2JpbGlzdGl0LmZpXC93cC1jb250ZW50XC91cGxvYWRzXC8yMDIzXC8wOFwvd2FwcHUxMy4xLmpwZyIsInNsaWRlc2hvdyI6Ijg3NWM2YTUifQ%3D%3D\" href='https:\/\/ylasavonmobilistit.fi\/wp-content\/uploads\/2023\/08\/wappu13.1.jpg'><img loading=\"lazy\" decoding=\"async\" width=\"150\" height=\"150\" src=\"https:\/\/ylasavonmobilistit.fi\/wp-content\/uploads\/2023\/08\/wappu13.1-150x150.jpg\" class=\"attachment-thumbnail size-thumbnail\" alt=\"\" \/><\/a>\n\t\t\t<\/dt><\/dl>\n\t\t\t<br style='clear: both' \/>\n\t\t<\/div>\n\t\t<\/div>\n\t\t\t\t<\/div>\n\t\t\t\t<\/div>\n\t\t\t\t\t<\/div>\n\t\t<\/div>\n\t\t\t\t\t\t\t<\/div>\n\t\t<\/section>\n\t\t\t\t\t\t\t<\/div>\n\t\t","protected":false},"excerpt":{"rendered":"","protected":false},"author":1,"featured_media":0,"parent":0,"menu_order":0,"comment_status":"closed","ping_status":"closed","template":"","meta":{"footnotes":""},"class_list":["post-26","page","type-page","status-publish","hentry"],"yoast_head":"<!-- This site is optimized with the Yoast SEO plugin v20.13 - https:\/\/yoast.com\/wordpress\/plugins\/seo\/ -->\n<title>Wappun\u00e4yttely 1.5.2013 - Yl\u00e4-Savon Mobilistit ja Konepy\u00f6r\u00e4ilij\u00e4t ry<\/title>\n<meta name=\"robots\" content=\"index, follow, max-snippet:-1, max-image-preview:large, max-video-preview:-1\" \/>\n<link rel=\"canonical\" href=\"https:\/\/ylasavonmobilistit.fi\/index.php\/wappunayttely-2013\/\" \/>\n<meta property=\"og:locale\" content=\"fi_FI\" \/>\n<meta property=\"og:type\" content=\"article\" \/>\n<meta property=\"og:title\" content=\"Wappun\u00e4yttely 1.5.2013 - Yl\u00e4-Savon Mobilistit ja Konepy\u00f6r\u00e4ilij\u00e4t ry\" \/>\n<meta property=\"og:url\" content=\"https:\/\/ylasavonmobilistit.fi\/index.php\/wappunayttely-2013\/\" \/>\n<meta property=\"og:site_name\" content=\"Yl\u00e4-Savon Mobilistit ja Konepy\u00f6r\u00e4ilij\u00e4t ry\" \/>\n<meta property=\"article:modified_time\" content=\"2023-08-10T11:15:46+00:00\" \/>\n<meta property=\"og:image\" content=\"https:\/\/ylasavonmobilistit.fi\/wp-content\/uploads\/2023\/07\/Vappunayttely-2015-16-150x150.jpg\" \/>\n<meta name=\"twitter:card\" content=\"summary_large_image\" \/>\n<script type=\"application\/ld+json\" class=\"yoast-schema-graph\">{\"@context\":\"https:\/\/schema.org\",\"@graph\":[{\"@type\":\"WebPage\",\"@id\":\"https:\/\/ylasavonmobilistit.fi\/index.php\/wappunayttely-2013\/\",\"url\":\"https:\/\/ylasavonmobilistit.fi\/index.php\/wappunayttely-2013\/\",\"name\":\"Wappun\u00e4yttely 1.5.2013 - Yl\u00e4-Savon Mobilistit ja Konepy\u00f6r\u00e4ilij\u00e4t ry\",\"isPartOf\":{\"@id\":\"https:\/\/ylasavonmobilistit.fi\/#website\"},\"datePublished\":\"2023-07-30T08:46:50+00:00\",\"dateModified\":\"2023-08-10T11:15:46+00:00\",\"breadcrumb\":{\"@id\":\"https:\/\/ylasavonmobilistit.fi\/index.php\/wappunayttely-2013\/#breadcrumb\"},\"inLanguage\":\"fi\",\"potentialAction\":[{\"@type\":\"ReadAction\",\"target\":[\"https:\/\/ylasavonmobilistit.fi\/index.php\/wappunayttely-2013\/\"]}]},{\"@type\":\"BreadcrumbList\",\"@id\":\"https:\/\/ylasavonmobilistit.fi\/index.php\/wappunayttely-2013\/#breadcrumb\",\"itemListElement\":[{\"@type\":\"ListItem\",\"position\":1,\"name\":\"Etusivu\",\"item\":\"https:\/\/ylasavonmobilistit.fi\/\"},{\"@type\":\"ListItem\",\"position\":2,\"name\":\"Wappun\u00e4yttely 1.5.2013\"}]},{\"@type\":\"WebSite\",\"@id\":\"https:\/\/ylasavonmobilistit.fi\/#website\",\"url\":\"https:\/\/ylasavonmobilistit.fi\/\",\"name\":\"Yl\u00e4-Savon Mobilistit ja Konepy\u00f6r\u00e4ilij\u00e4t ry\",\"description\":\"\",\"potentialAction\":[{\"@type\":\"SearchAction\",\"target\":{\"@type\":\"EntryPoint\",\"urlTemplate\":\"https:\/\/ylasavonmobilistit.fi\/?s={search_term_string}\"},\"query-input\":\"required name=search_term_string\"}],\"inLanguage\":\"fi\"}]}<\/script>\n<!-- \/ Yoast SEO plugin. -->","yoast_head_json":{"title":"Wappun\u00e4yttely 1.5.2013 - Yl\u00e4-Savon Mobilistit ja Konepy\u00f6r\u00e4ilij\u00e4t ry","robots":{"index":"index","follow":"follow","max-snippet":"max-snippet:-1","max-image-preview":"max-image-preview:large","max-video-preview":"max-video-preview:-1"},"canonical":"https:\/\/ylasavonmobilistit.fi\/index.php\/wappunayttely-2013\/","og_locale":"fi_FI","og_type":"article","og_title":"Wappun\u00e4yttely 1.5.2013 - Yl\u00e4-Savon Mobilistit ja Konepy\u00f6r\u00e4ilij\u00e4t ry","og_url":"https:\/\/ylasavonmobilistit.fi\/index.php\/wappunayttely-2013\/","og_site_name":"Yl\u00e4-Savon Mobilistit ja Konepy\u00f6r\u00e4ilij\u00e4t ry","article_modified_time":"2023-08-10T11:15:46+00:00","og_image":[{"url":"https:\/\/ylasavonmobilistit.fi\/wp-content\/uploads\/2023\/07\/Vappunayttely-2015-16-150x150.jpg"}],"twitter_card":"summary_large_image","schema":{"@context":"https:\/\/schema.org","@graph":[{"@type":"WebPage","@id":"https:\/\/ylasavonmobilistit.fi\/index.php\/wappunayttely-2013\/","url":"https:\/\/ylasavonmobilistit.fi\/index.php\/wappunayttely-2013\/","name":"Wappun\u00e4yttely 1.5.2013 - Yl\u00e4-Savon Mobilistit ja Konepy\u00f6r\u00e4ilij\u00e4t ry","isPartOf":{"@id":"https:\/\/ylasavonmobilistit.fi\/#website"},"datePublished":"2023-07-30T08:46:50+00:00","dateModified":"2023-08-10T11:15:46+00:00","breadcrumb":{"@id":"https:\/\/ylasavonmobilistit.fi\/index.php\/wappunayttely-2013\/#breadcrumb"},"inLanguage":"fi","potentialAction":[{"@type":"ReadAction","target":["https:\/\/ylasavonmobilistit.fi\/index.php\/wappunayttely-2013\/"]}]},{"@type":"BreadcrumbList","@id":"https:\/\/ylasavonmobilistit.fi\/index.php\/wappunayttely-2013\/#breadcrumb","itemListElement":[{"@type":"ListItem","position":1,"name":"Etusivu","item":"https:\/\/ylasavonmobilistit.fi\/"},{"@type":"ListItem","position":2,"name":"Wappun\u00e4yttely 1.5.2013"}]},{"@type":"WebSite","@id":"https:\/\/ylasavonmobilistit.fi\/#website","url":"https:\/\/ylasavonmobilistit.fi\/","name":"Yl\u00e4-Savon Mobilistit ja Konepy\u00f6r\u00e4ilij\u00e4t ry","description":"","potentialAction":[{"@type":"SearchAction","target":{"@type":"EntryPoint","urlTemplate":"https:\/\/ylasavonmobilistit.fi\/?s={search_term_string}"},"query-input":"required name=search_term_string"}],"inLanguage":"fi"}]}},"_links":{"self":[{"href":"https:\/\/ylasavonmobilistit.fi\/index.php\/wp-json\/wp\/v2\/pages\/26","targetHints":{"allow":["GET"]}}],"collection":[{"href":"https:\/\/ylasavonmobilistit.fi\/index.php\/wp-json\/wp\/v2\/pages"}],"about":[{"href":"https:\/\/ylasavonmobilistit.fi\/index.php\/wp-json\/wp\/v2\/types\/page"}],"author":[{"embeddable":true,"href":"https:\/\/ylasavonmobilistit.fi\/index.php\/wp-json\/wp\/v2\/users\/1"}],"replies":[{"embeddable":true,"href":"https:\/\/ylasavonmobilistit.fi\/index.php\/wp-json\/wp\/v2\/comments?post=26"}],"version-history":[{"count":8,"href":"https:\/\/ylasavonmobilistit.fi\/index.php\/wp-json\/wp\/v2\/pages\/26\/revisions"}],"predecessor-version":[{"id":175,"href":"https:\/\/ylasavonmobilistit.fi\/index.php\/wp-json\/wp\/v2\/pages\/26\/revisions\/175"}],"wp:attachment":[{"href":"https:\/\/ylasavonmobilistit.fi\/index.php\/wp-json\/wp\/v2\/media?parent=26"}],"curies":[{"name":"wp","href":"https:\/\/api.w.org\/{rel}","templated":true}]}}